{"id":1001,"date":"2024-03-15T10:00:25","date_gmt":"2024-03-15T09:00:25","guid":{"rendered":"https:\/\/harasowka.pl\/sklep\/?post_type=product&#038;p=1001"},"modified":"2026-03-10T06:38:27","modified_gmt":"2026-03-10T05:38:27","slug":"karkowka-pieczona-350g-sos","status":"publish","type":"product","link":"https:\/\/harasowka.pl\/sklep\/produkt\/karkowka-pieczona-350g-sos\/","title":{"rendered":"Kark\u00f3wka pieczona w sosie (350g +sos)"},"content":{"rendered":"<p><strong>&#x1f969; Kark\u00f3wka pieczona w sosie (350g + sos)<\/strong><\/p>\n<p>Klasyczne domowe danie \u2014 soczyste plastry kark\u00f3wki, delikatnie zamarynowane i pieczone, z aromatycznym sosem pieczeniowym powsta\u0142ym w trakcie pieczenia. Mi\u0119so zachowuje pe\u0142ni\u0119 smaku oraz mi\u0119kko\u015b\u0107. Idealna propozycja na rodzinny obiad lub przyj\u0119cie.<\/p>\n<p>&#x1f37d;&#xfe0f; <strong>Propozycja podania:<\/strong><br \/>\nNajlepiej z ziemniakami puree lub kasz\u0105 oraz sur\u00f3wkami \u2014 z bia\u0142ej kapusty lub buraczkami.<\/p>\n<p>&#x1f525; <strong>Jak odgrza\u0107:<\/strong><br \/>\n<strong>Piekarnik:<\/strong> 180\u00b0C, 10\u201315 minut<br \/>\n<strong>Mikrofal\u00f3wka:<\/strong> 5 minut, moc 900W<\/p>\n<p>&#x2744;&#xfe0f; <strong>Przechowywanie:<\/strong> od +1\u00b0C do +8\u00b0C<br \/>\nNasze produkty cateringowe wydawane s\u0105 gotowe do spo\u017cycia \u2014 wystarczy je odgrza\u0107.<\/p>\n","protected":false},"excerpt":{"rendered":"<p>Soczysta kark\u00f3wka pieczona z aromatycznym sosem pieczeniowym. 350g + sos.<\/p>\n","protected":false},"featured_media":1002,"template":"","meta":[],"product_cat":[59,58],"product_tag":[49,53],"class_list":{"0":"post-1001","1":"product","2":"type-product","3":"status-publish","4":"has-post-thumbnail","6":"product_cat-catering-dania-glowne","7":"product_cat-catering","8":"product_tag-na-cieplo","9":"product_tag-tradycyjne","11":"first","12":"instock","13":"shipping-taxable","14":"purchasable","15":"product-type-simple"},"yoast_head":"<!-- This site is optimized with the Yoast SEO plugin v27.1.1 - https:\/\/yoast.com\/product\/yoast-seo-wordpress\/ -->\n<title>Kark\u00f3wka pieczona w sosie (350g +sos) - Sklep Haras\u00f3wka<\/title>\n<meta name=\"robots\" content=\"index, follow, max-snippet:-1, max-image-preview:large, max-video-preview:-1\" \/>\n<link rel=\"canonical\" href=\"https:\/\/harasowka.pl\/sklep\/produkt\/karkowka-pieczona-350g-sos\/\" \/>\n<meta property=\"og:locale\" content=\"pl_PL\" \/>\n<meta property=\"og:type\" content=\"article\" \/>\n<meta property=\"og:title\" content=\"Kark\u00f3wka pieczona w sosie (350g +sos) - Sklep Haras\u00f3wka\" \/>\n<meta property=\"og:description\" content=\"Soczysta kark\u00f3wka pieczona z aromatycznym sosem pieczeniowym. 350g + sos.\" \/>\n<meta property=\"og:url\" content=\"https:\/\/harasowka.pl\/sklep\/produkt\/karkowka-pieczona-350g-sos\/\" \/>\n<meta property=\"og:site_name\" content=\"Sklep Haras\u00f3wka\" \/>\n<meta property=\"article:publisher\" content=\"https:\/\/www.facebook.com\/harasowka\/\" \/>\n<meta property=\"article:modified_time\" content=\"2026-03-10T05:38:27+00:00\" \/>\n<meta property=\"og:image\" content=\"https:\/\/harasowka.pl\/sklep\/wp-content\/uploads\/2024\/03\/pieczona-karkowka.jpg\" \/>\n\t<meta property=\"og:image:width\" content=\"1102\" \/>\n\t<meta property=\"og:image:height\" content=\"757\" \/>\n\t<meta property=\"og:image:type\" content=\"image\/jpeg\" \/>\n<meta name=\"twitter:card\" content=\"summary_large_image\" \/>\n<meta name=\"twitter:label1\" content=\"Szacowany czas czytania\" \/>\n\t<meta name=\"twitter:data1\" content=\"1 minuta\" \/>\n<script type=\"application\/ld+json\" class=\"yoast-schema-graph\">{\"@context\":\"https:\/\/schema.org\",\"@graph\":[{\"@type\":\"WebPage\",\"@id\":\"https:\/\/harasowka.pl\/sklep\/produkt\/karkowka-pieczona-350g-sos\/\",\"url\":\"https:\/\/harasowka.pl\/sklep\/produkt\/karkowka-pieczona-350g-sos\/\",\"name\":\"Kark\u00f3wka pieczona w sosie (350g +sos) - Sklep Haras\u00f3wka\",\"isPartOf\":{\"@id\":\"https:\/\/harasowka.pl\/sklep\/#website\"},\"primaryImageOfPage\":{\"@id\":\"https:\/\/harasowka.pl\/sklep\/produkt\/karkowka-pieczona-350g-sos\/#primaryimage\"},\"image\":{\"@id\":\"https:\/\/harasowka.pl\/sklep\/produkt\/karkowka-pieczona-350g-sos\/#primaryimage\"},\"thumbnailUrl\":\"https:\/\/harasowka.pl\/sklep\/wp-content\/uploads\/2024\/03\/pieczona-karkowka.jpg\",\"datePublished\":\"2024-03-15T09:00:25+00:00\",\"dateModified\":\"2026-03-10T05:38:27+00:00\",\"breadcrumb\":{\"@id\":\"https:\/\/harasowka.pl\/sklep\/produkt\/karkowka-pieczona-350g-sos\/#breadcrumb\"},\"inLanguage\":\"pl-PL\",\"potentialAction\":[{\"@type\":\"ReadAction\",\"target\":[\"https:\/\/harasowka.pl\/sklep\/produkt\/karkowka-pieczona-350g-sos\/\"]}]},{\"@type\":\"ImageObject\",\"inLanguage\":\"pl-PL\",\"@id\":\"https:\/\/harasowka.pl\/sklep\/produkt\/karkowka-pieczona-350g-sos\/#primaryimage\",\"url\":\"https:\/\/harasowka.pl\/sklep\/wp-content\/uploads\/2024\/03\/pieczona-karkowka.jpg\",\"contentUrl\":\"https:\/\/harasowka.pl\/sklep\/wp-content\/uploads\/2024\/03\/pieczona-karkowka.jpg\",\"width\":1102,\"height\":757,\"caption\":\"Kark\u00f3wka pieczona w sosie (350g +sos)\"},{\"@type\":\"BreadcrumbList\",\"@id\":\"https:\/\/harasowka.pl\/sklep\/produkt\/karkowka-pieczona-350g-sos\/#breadcrumb\",\"itemListElement\":[{\"@type\":\"ListItem\",\"position\":1,\"name\":\"Strona g\u0142\u00f3wna\",\"item\":\"https:\/\/harasowka.pl\/sklep\/\"},{\"@type\":\"ListItem\",\"position\":2,\"name\":\"Shop\",\"item\":\"https:\/\/harasowka.pl\/sklep\/shop\/\"},{\"@type\":\"ListItem\",\"position\":3,\"name\":\"Kark\u00f3wka pieczona w sosie (350g +sos)\"}]},{\"@type\":\"WebSite\",\"@id\":\"https:\/\/harasowka.pl\/sklep\/#website\",\"url\":\"https:\/\/harasowka.pl\/sklep\/\",\"name\":\"Sklep Haras\u00f3wka\",\"description\":\"Kuchnia - Tradycja - Zdrowie\",\"potentialAction\":[{\"@type\":\"SearchAction\",\"target\":{\"@type\":\"EntryPoint\",\"urlTemplate\":\"https:\/\/harasowka.pl\/sklep\/?s={search_term_string}\"},\"query-input\":{\"@type\":\"PropertyValueSpecification\",\"valueRequired\":true,\"valueName\":\"search_term_string\"}}],\"inLanguage\":\"pl-PL\"}]}<\/script>\n<!-- \/ Yoast SEO plugin. -->","yoast_head_json":{"title":"Kark\u00f3wka pieczona w sosie (350g +sos) - Sklep Haras\u00f3wka","robots":{"index":"index","follow":"follow","max-snippet":"max-snippet:-1","max-image-preview":"max-image-preview:large","max-video-preview":"max-video-preview:-1"},"canonical":"https:\/\/harasowka.pl\/sklep\/produkt\/karkowka-pieczona-350g-sos\/","og_locale":"pl_PL","og_type":"article","og_title":"Kark\u00f3wka pieczona w sosie (350g +sos) - Sklep Haras\u00f3wka","og_description":"Soczysta kark\u00f3wka pieczona z aromatycznym sosem pieczeniowym. 350g + sos.","og_url":"https:\/\/harasowka.pl\/sklep\/produkt\/karkowka-pieczona-350g-sos\/","og_site_name":"Sklep Haras\u00f3wka","article_publisher":"https:\/\/www.facebook.com\/harasowka\/","article_modified_time":"2026-03-10T05:38:27+00:00","og_image":[{"width":1102,"height":757,"url":"https:\/\/harasowka.pl\/sklep\/wp-content\/uploads\/2024\/03\/pieczona-karkowka.jpg","type":"image\/jpeg"}],"twitter_card":"summary_large_image","twitter_misc":{"Szacowany czas czytania":"1 minuta"},"schema":{"@context":"https:\/\/schema.org","@graph":[{"@type":"WebPage","@id":"https:\/\/harasowka.pl\/sklep\/produkt\/karkowka-pieczona-350g-sos\/","url":"https:\/\/harasowka.pl\/sklep\/produkt\/karkowka-pieczona-350g-sos\/","name":"Kark\u00f3wka pieczona w sosie (350g +sos) - Sklep Haras\u00f3wka","isPartOf":{"@id":"https:\/\/harasowka.pl\/sklep\/#website"},"primaryImageOfPage":{"@id":"https:\/\/harasowka.pl\/sklep\/produkt\/karkowka-pieczona-350g-sos\/#primaryimage"},"image":{"@id":"https:\/\/harasowka.pl\/sklep\/produkt\/karkowka-pieczona-350g-sos\/#primaryimage"},"thumbnailUrl":"https:\/\/harasowka.pl\/sklep\/wp-content\/uploads\/2024\/03\/pieczona-karkowka.jpg","datePublished":"2024-03-15T09:00:25+00:00","dateModified":"2026-03-10T05:38:27+00:00","breadcrumb":{"@id":"https:\/\/harasowka.pl\/sklep\/produkt\/karkowka-pieczona-350g-sos\/#breadcrumb"},"inLanguage":"pl-PL","potentialAction":[{"@type":"ReadAction","target":["https:\/\/harasowka.pl\/sklep\/produkt\/karkowka-pieczona-350g-sos\/"]}]},{"@type":"ImageObject","inLanguage":"pl-PL","@id":"https:\/\/harasowka.pl\/sklep\/produkt\/karkowka-pieczona-350g-sos\/#primaryimage","url":"https:\/\/harasowka.pl\/sklep\/wp-content\/uploads\/2024\/03\/pieczona-karkowka.jpg","contentUrl":"https:\/\/harasowka.pl\/sklep\/wp-content\/uploads\/2024\/03\/pieczona-karkowka.jpg","width":1102,"height":757,"caption":"Kark\u00f3wka pieczona w sosie (350g +sos)"},{"@type":"BreadcrumbList","@id":"https:\/\/harasowka.pl\/sklep\/produkt\/karkowka-pieczona-350g-sos\/#breadcrumb","itemListElement":[{"@type":"ListItem","position":1,"name":"Strona g\u0142\u00f3wna","item":"https:\/\/harasowka.pl\/sklep\/"},{"@type":"ListItem","position":2,"name":"Shop","item":"https:\/\/harasowka.pl\/sklep\/shop\/"},{"@type":"ListItem","position":3,"name":"Kark\u00f3wka pieczona w sosie (350g +sos)"}]},{"@type":"WebSite","@id":"https:\/\/harasowka.pl\/sklep\/#website","url":"https:\/\/harasowka.pl\/sklep\/","name":"Sklep Haras\u00f3wka","description":"Kuchnia - Tradycja - Zdrowie","potentialAction":[{"@type":"SearchAction","target":{"@type":"EntryPoint","urlTemplate":"https:\/\/harasowka.pl\/sklep\/?s={search_term_string}"},"query-input":{"@type":"PropertyValueSpecification","valueRequired":true,"valueName":"search_term_string"}}],"inLanguage":"pl-PL"}]}},"jetpack_sharing_enabled":true,"_links":{"self":[{"href":"https:\/\/harasowka.pl\/sklep\/wp-json\/wp\/v2\/product\/1001","targetHints":{"allow":["GET"]}}],"collection":[{"href":"https:\/\/harasowka.pl\/sklep\/wp-json\/wp\/v2\/product"}],"about":[{"href":"https:\/\/harasowka.pl\/sklep\/wp-json\/wp\/v2\/types\/product"}],"version-history":[{"count":6,"href":"https:\/\/harasowka.pl\/sklep\/wp-json\/wp\/v2\/product\/1001\/revisions"}],"predecessor-version":[{"id":1672,"href":"https:\/\/harasowka.pl\/sklep\/wp-json\/wp\/v2\/product\/1001\/revisions\/1672"}],"wp:featuredmedia":[{"embeddable":true,"href":"https:\/\/harasowka.pl\/sklep\/wp-json\/wp\/v2\/media\/1002"}],"wp:attachment":[{"href":"https:\/\/harasowka.pl\/sklep\/wp-json\/wp\/v2\/media?parent=1001"}],"wp:term":[{"taxonomy":"product_cat","embeddable":true,"href":"https:\/\/harasowka.pl\/sklep\/wp-json\/wp\/v2\/product_cat?post=1001"},{"taxonomy":"product_tag","embeddable":true,"href":"https:\/\/harasowka.pl\/sklep\/wp-json\/wp\/v2\/product_tag?post=1001"}],"curies":[{"name":"wp","href":"https:\/\/api.w.org\/{rel}","templated":true}]}}