{"id":1009,"date":"2024-03-15T12:16:01","date_gmt":"2024-03-15T11:16:01","guid":{"rendered":"https:\/\/harasowka.pl\/sklep\/?post_type=product&#038;p=1009"},"modified":"2026-03-10T11:23:06","modified_gmt":"2026-03-10T10:23:06","slug":"czysty-barszcz-na-zakwasie-porcja-09l","status":"publish","type":"product","link":"https:\/\/harasowka.pl\/sklep\/produkt\/czysty-barszcz-na-zakwasie-porcja-09l\/","title":{"rendered":"Czysty barszcz na zakwasie (0,9l)"},"content":{"rendered":"<p><strong>&#x1f963; Czysty barszcz na zakwasie (0,9l)<\/strong><\/p>\n<p>Intensywna barwa, g\u0142\u0119boki, lekko kwaskowy smak \u2014 czysty barszcz czerwony na naturalnym zakwasie buraczanym, bez sztucznych ulepszaczy. Esencja tradycyjnej polskiej kuchni. Aromat podkre\u015blaj\u0105 czosnek, li\u015b\u0107 laurowy, ziele angielskie i majeranek.<\/p>\n<p>&#x1f37d;&#xfe0f; <strong>Propozycja podania:<\/strong><br \/>\nDoskonale z uszkami z kapust\u0105 i grzybami, krokietami lub pasztecikami. Elegancka, lekka pierwsza potrawa na ka\u017cdy obiad.<\/p>\n<p>&#x1f525; <strong>Jak odgrza\u0107:<\/strong><br \/>\n<strong>Garnek:<\/strong> delikatnie podgrza\u0107, nie doprowadzaj\u0105c do wrzenia (zachowuje klarowno\u015b\u0107 i aromat)<\/p>\n<p>&#x2744;&#xfe0f; <strong>Przechowywanie:<\/strong> od +1\u00b0C do +8\u00b0C<br \/>\nNasze produkty cateringowe wydawane s\u0105 gotowe do spo\u017cycia \u2014 wystarczy je odgrza\u0107.<\/p>\n","protected":false},"excerpt":{"rendered":"<p>Klarowny barszcz czerwony na naturalnym zakwasie buraczanym. Porcja 0,9l.<\/p>\n","protected":false},"featured_media":1010,"template":"","meta":[],"product_cat":[62,44,58],"product_tag":[49,53],"class_list":{"0":"post-1009","1":"product","2":"type-product","3":"status-publish","4":"has-post-thumbnail","6":"product_cat-catering-zupy","7":"product_cat-boze-narodzenie","8":"product_cat-catering","9":"product_tag-na-cieplo","10":"product_tag-tradycyjne","12":"first","13":"instock","14":"shipping-taxable","15":"purchasable","16":"product-type-simple"},"yoast_head":"<!-- This site is optimized with the Yoast SEO plugin v27.1.1 - https:\/\/yoast.com\/product\/yoast-seo-wordpress\/ -->\n<title>Czysty barszcz na zakwasie (0,9l) - Sklep Haras\u00f3wka<\/title>\n<meta name=\"robots\" content=\"index, follow, max-snippet:-1, max-image-preview:large, max-video-preview:-1\" \/>\n<link rel=\"canonical\" href=\"https:\/\/harasowka.pl\/sklep\/produkt\/czysty-barszcz-na-zakwasie-porcja-09l\/\" \/>\n<meta property=\"og:locale\" content=\"pl_PL\" \/>\n<meta property=\"og:type\" content=\"article\" \/>\n<meta property=\"og:title\" content=\"Czysty barszcz na zakwasie (0,9l) - Sklep Haras\u00f3wka\" \/>\n<meta property=\"og:description\" content=\"Klarowny barszcz czerwony na naturalnym zakwasie buraczanym. Porcja 0,9l.\" \/>\n<meta property=\"og:url\" content=\"https:\/\/harasowka.pl\/sklep\/produkt\/czysty-barszcz-na-zakwasie-porcja-09l\/\" \/>\n<meta property=\"og:site_name\" content=\"Sklep Haras\u00f3wka\" \/>\n<meta property=\"article:publisher\" content=\"https:\/\/www.facebook.com\/harasowka\/\" \/>\n<meta property=\"article:modified_time\" content=\"2026-03-10T10:23:06+00:00\" \/>\n<meta property=\"og:image\" content=\"https:\/\/harasowka.pl\/sklep\/wp-content\/uploads\/2024\/03\/f38e7332f56f81f82179884686d44f34_barszcz-na-zakwasie-IMG_6891_944_531.jpg\" \/>\n\t<meta property=\"og:image:width\" content=\"944\" \/>\n\t<meta property=\"og:image:height\" content=\"531\" \/>\n\t<meta property=\"og:image:type\" content=\"image\/jpeg\" \/>\n<meta name=\"twitter:card\" content=\"summary_large_image\" \/>\n<script type=\"application\/ld+json\" class=\"yoast-schema-graph\">{\"@context\":\"https:\/\/schema.org\",\"@graph\":[{\"@type\":\"WebPage\",\"@id\":\"https:\/\/harasowka.pl\/sklep\/produkt\/czysty-barszcz-na-zakwasie-porcja-09l\/\",\"url\":\"https:\/\/harasowka.pl\/sklep\/produkt\/czysty-barszcz-na-zakwasie-porcja-09l\/\",\"name\":\"Czysty barszcz na zakwasie (0,9l) - Sklep Haras\u00f3wka\",\"isPartOf\":{\"@id\":\"https:\/\/harasowka.pl\/sklep\/#website\"},\"primaryImageOfPage\":{\"@id\":\"https:\/\/harasowka.pl\/sklep\/produkt\/czysty-barszcz-na-zakwasie-porcja-09l\/#primaryimage\"},\"image\":{\"@id\":\"https:\/\/harasowka.pl\/sklep\/produkt\/czysty-barszcz-na-zakwasie-porcja-09l\/#primaryimage\"},\"thumbnailUrl\":\"https:\/\/harasowka.pl\/sklep\/wp-content\/uploads\/2024\/03\/f38e7332f56f81f82179884686d44f34_barszcz-na-zakwasie-IMG_6891_944_531.jpg\",\"datePublished\":\"2024-03-15T11:16:01+00:00\",\"dateModified\":\"2026-03-10T10:23:06+00:00\",\"breadcrumb\":{\"@id\":\"https:\/\/harasowka.pl\/sklep\/produkt\/czysty-barszcz-na-zakwasie-porcja-09l\/#breadcrumb\"},\"inLanguage\":\"pl-PL\",\"potentialAction\":[{\"@type\":\"ReadAction\",\"target\":[\"https:\/\/harasowka.pl\/sklep\/produkt\/czysty-barszcz-na-zakwasie-porcja-09l\/\"]}]},{\"@type\":\"ImageObject\",\"inLanguage\":\"pl-PL\",\"@id\":\"https:\/\/harasowka.pl\/sklep\/produkt\/czysty-barszcz-na-zakwasie-porcja-09l\/#primaryimage\",\"url\":\"https:\/\/harasowka.pl\/sklep\/wp-content\/uploads\/2024\/03\/f38e7332f56f81f82179884686d44f34_barszcz-na-zakwasie-IMG_6891_944_531.jpg\",\"contentUrl\":\"https:\/\/harasowka.pl\/sklep\/wp-content\/uploads\/2024\/03\/f38e7332f56f81f82179884686d44f34_barszcz-na-zakwasie-IMG_6891_944_531.jpg\",\"width\":944,\"height\":531,\"caption\":\"Czysty barszcz na zakwasie (porcja 0,9l)\"},{\"@type\":\"BreadcrumbList\",\"@id\":\"https:\/\/harasowka.pl\/sklep\/produkt\/czysty-barszcz-na-zakwasie-porcja-09l\/#breadcrumb\",\"itemListElement\":[{\"@type\":\"ListItem\",\"position\":1,\"name\":\"Strona g\u0142\u00f3wna\",\"item\":\"https:\/\/harasowka.pl\/sklep\/\"},{\"@type\":\"ListItem\",\"position\":2,\"name\":\"Shop\",\"item\":\"https:\/\/harasowka.pl\/sklep\/shop\/\"},{\"@type\":\"ListItem\",\"position\":3,\"name\":\"Czysty barszcz na zakwasie (0,9l)\"}]},{\"@type\":\"WebSite\",\"@id\":\"https:\/\/harasowka.pl\/sklep\/#website\",\"url\":\"https:\/\/harasowka.pl\/sklep\/\",\"name\":\"Sklep Haras\u00f3wka\",\"description\":\"Kuchnia - Tradycja - Zdrowie\",\"potentialAction\":[{\"@type\":\"SearchAction\",\"target\":{\"@type\":\"EntryPoint\",\"urlTemplate\":\"https:\/\/harasowka.pl\/sklep\/?s={search_term_string}\"},\"query-input\":{\"@type\":\"PropertyValueSpecification\",\"valueRequired\":true,\"valueName\":\"search_term_string\"}}],\"inLanguage\":\"pl-PL\"}]}<\/script>\n<!-- \/ Yoast SEO plugin. -->","yoast_head_json":{"title":"Czysty barszcz na zakwasie (0,9l) - Sklep Haras\u00f3wka","robots":{"index":"index","follow":"follow","max-snippet":"max-snippet:-1","max-image-preview":"max-image-preview:large","max-video-preview":"max-video-preview:-1"},"canonical":"https:\/\/harasowka.pl\/sklep\/produkt\/czysty-barszcz-na-zakwasie-porcja-09l\/","og_locale":"pl_PL","og_type":"article","og_title":"Czysty barszcz na zakwasie (0,9l) - Sklep Haras\u00f3wka","og_description":"Klarowny barszcz czerwony na naturalnym zakwasie buraczanym. Porcja 0,9l.","og_url":"https:\/\/harasowka.pl\/sklep\/produkt\/czysty-barszcz-na-zakwasie-porcja-09l\/","og_site_name":"Sklep Haras\u00f3wka","article_publisher":"https:\/\/www.facebook.com\/harasowka\/","article_modified_time":"2026-03-10T10:23:06+00:00","og_image":[{"width":944,"height":531,"url":"https:\/\/harasowka.pl\/sklep\/wp-content\/uploads\/2024\/03\/f38e7332f56f81f82179884686d44f34_barszcz-na-zakwasie-IMG_6891_944_531.jpg","type":"image\/jpeg"}],"twitter_card":"summary_large_image","schema":{"@context":"https:\/\/schema.org","@graph":[{"@type":"WebPage","@id":"https:\/\/harasowka.pl\/sklep\/produkt\/czysty-barszcz-na-zakwasie-porcja-09l\/","url":"https:\/\/harasowka.pl\/sklep\/produkt\/czysty-barszcz-na-zakwasie-porcja-09l\/","name":"Czysty barszcz na zakwasie (0,9l) - Sklep Haras\u00f3wka","isPartOf":{"@id":"https:\/\/harasowka.pl\/sklep\/#website"},"primaryImageOfPage":{"@id":"https:\/\/harasowka.pl\/sklep\/produkt\/czysty-barszcz-na-zakwasie-porcja-09l\/#primaryimage"},"image":{"@id":"https:\/\/harasowka.pl\/sklep\/produkt\/czysty-barszcz-na-zakwasie-porcja-09l\/#primaryimage"},"thumbnailUrl":"https:\/\/harasowka.pl\/sklep\/wp-content\/uploads\/2024\/03\/f38e7332f56f81f82179884686d44f34_barszcz-na-zakwasie-IMG_6891_944_531.jpg","datePublished":"2024-03-15T11:16:01+00:00","dateModified":"2026-03-10T10:23:06+00:00","breadcrumb":{"@id":"https:\/\/harasowka.pl\/sklep\/produkt\/czysty-barszcz-na-zakwasie-porcja-09l\/#breadcrumb"},"inLanguage":"pl-PL","potentialAction":[{"@type":"ReadAction","target":["https:\/\/harasowka.pl\/sklep\/produkt\/czysty-barszcz-na-zakwasie-porcja-09l\/"]}]},{"@type":"ImageObject","inLanguage":"pl-PL","@id":"https:\/\/harasowka.pl\/sklep\/produkt\/czysty-barszcz-na-zakwasie-porcja-09l\/#primaryimage","url":"https:\/\/harasowka.pl\/sklep\/wp-content\/uploads\/2024\/03\/f38e7332f56f81f82179884686d44f34_barszcz-na-zakwasie-IMG_6891_944_531.jpg","contentUrl":"https:\/\/harasowka.pl\/sklep\/wp-content\/uploads\/2024\/03\/f38e7332f56f81f82179884686d44f34_barszcz-na-zakwasie-IMG_6891_944_531.jpg","width":944,"height":531,"caption":"Czysty barszcz na zakwasie (porcja 0,9l)"},{"@type":"BreadcrumbList","@id":"https:\/\/harasowka.pl\/sklep\/produkt\/czysty-barszcz-na-zakwasie-porcja-09l\/#breadcrumb","itemListElement":[{"@type":"ListItem","position":1,"name":"Strona g\u0142\u00f3wna","item":"https:\/\/harasowka.pl\/sklep\/"},{"@type":"ListItem","position":2,"name":"Shop","item":"https:\/\/harasowka.pl\/sklep\/shop\/"},{"@type":"ListItem","position":3,"name":"Czysty barszcz na zakwasie (0,9l)"}]},{"@type":"WebSite","@id":"https:\/\/harasowka.pl\/sklep\/#website","url":"https:\/\/harasowka.pl\/sklep\/","name":"Sklep Haras\u00f3wka","description":"Kuchnia - Tradycja - Zdrowie","potentialAction":[{"@type":"SearchAction","target":{"@type":"EntryPoint","urlTemplate":"https:\/\/harasowka.pl\/sklep\/?s={search_term_string}"},"query-input":{"@type":"PropertyValueSpecification","valueRequired":true,"valueName":"search_term_string"}}],"inLanguage":"pl-PL"}]}},"jetpack_sharing_enabled":true,"_links":{"self":[{"href":"https:\/\/harasowka.pl\/sklep\/wp-json\/wp\/v2\/product\/1009","targetHints":{"allow":["GET"]}}],"collection":[{"href":"https:\/\/harasowka.pl\/sklep\/wp-json\/wp\/v2\/product"}],"about":[{"href":"https:\/\/harasowka.pl\/sklep\/wp-json\/wp\/v2\/types\/product"}],"version-history":[{"count":6,"href":"https:\/\/harasowka.pl\/sklep\/wp-json\/wp\/v2\/product\/1009\/revisions"}],"predecessor-version":[{"id":1725,"href":"https:\/\/harasowka.pl\/sklep\/wp-json\/wp\/v2\/product\/1009\/revisions\/1725"}],"wp:featuredmedia":[{"embeddable":true,"href":"https:\/\/harasowka.pl\/sklep\/wp-json\/wp\/v2\/media\/1010"}],"wp:attachment":[{"href":"https:\/\/harasowka.pl\/sklep\/wp-json\/wp\/v2\/media?parent=1009"}],"wp:term":[{"taxonomy":"product_cat","embeddable":true,"href":"https:\/\/harasowka.pl\/sklep\/wp-json\/wp\/v2\/product_cat?post=1009"},{"taxonomy":"product_tag","embeddable":true,"href":"https:\/\/harasowka.pl\/sklep\/wp-json\/wp\/v2\/product_tag?post=1009"}],"curies":[{"name":"wp","href":"https:\/\/api.w.org\/{rel}","templated":true}]}}