{"id":1026,"date":"2024-03-15T15:58:13","date_gmt":"2024-03-15T14:58:13","guid":{"rendered":"https:\/\/harasowka.pl\/sklep\/?post_type=product&#038;p=1026"},"modified":"2026-03-10T06:38:29","modified_gmt":"2026-03-10T05:38:29","slug":"schab-po-warszawsku-9szt","status":"publish","type":"product","link":"https:\/\/harasowka.pl\/sklep\/produkt\/schab-po-warszawsku-9szt\/","title":{"rendered":"Schab po warszawsku z past\u0105 chrzanow\u0105 (9szt)"},"content":{"rendered":"<p><strong>&#x1f362; Schab po warszawsku z past\u0105 chrzanow\u0105 (9szt)<\/strong><\/p>\n<p>Klasyczna, elegancka zak\u0105ska na zimno, kt\u00f3ra od lat go\u015bci na polskich sto\u0142ach. Delikatne, wolno gotowane plastry schabu podawane z kremow\u0105 past\u0105 chrzanow\u0105 na bazie jajek \u2014 harmonijne po\u0142\u0105czenie \u0142agodnego mi\u0119sa z wyrazist\u0105, orze\u017awiaj\u0105c\u0105 nut\u0105 chrzanu. Porcja zawiera 9 sztuk.<\/p>\n<p>&#x1f37d;&#xfe0f; <strong>Propozycja podania:<\/strong><br \/>\nDoskonale komponuje si\u0119 z pieczywem i sa\u0142atkami. \u015awietnie sprawdzi si\u0119 jako element zimnego p\u00f3\u0142miska z innymi zak\u0105skami.<\/p>\n<p>&#x2744;&#xfe0f; <strong>Przechowywanie:<\/strong> od +1\u00b0C do +8\u00b0C<br \/>\nProdukt gotowy do spo\u017cycia \u2014 nie wymaga odgrzewania.<\/p>\n","protected":false},"excerpt":{"rendered":"<p>Klasyczna zak\u0105ska na zimno \u2014 delikatne plastry schabu z kremow\u0105 past\u0105 chrzanow\u0105. 9 sztuk.<\/p>\n","protected":false},"featured_media":1027,"template":"","meta":[],"product_cat":[60,44,58],"product_tag":[48],"class_list":{"0":"post-1026","1":"product","2":"type-product","3":"status-publish","4":"has-post-thumbnail","6":"product_cat-catering-zakaski","7":"product_cat-boze-narodzenie","8":"product_cat-catering","9":"product_tag-na-zimno","11":"first","12":"instock","13":"shipping-taxable","14":"purchasable","15":"product-type-simple"},"yoast_head":"<!-- This site is optimized with the Yoast SEO plugin v27.1.1 - https:\/\/yoast.com\/product\/yoast-seo-wordpress\/ -->\n<title>Schab po warszawsku z past\u0105 chrzanow\u0105 (9szt) - Sklep Haras\u00f3wka<\/title>\n<meta name=\"robots\" content=\"index, follow, max-snippet:-1, max-image-preview:large, max-video-preview:-1\" \/>\n<link rel=\"canonical\" href=\"https:\/\/harasowka.pl\/sklep\/produkt\/schab-po-warszawsku-9szt\/\" \/>\n<meta property=\"og:locale\" content=\"pl_PL\" \/>\n<meta property=\"og:type\" content=\"article\" \/>\n<meta property=\"og:title\" content=\"Schab po warszawsku z past\u0105 chrzanow\u0105 (9szt) - Sklep Haras\u00f3wka\" \/>\n<meta property=\"og:description\" content=\"Klasyczna zak\u0105ska na zimno \u2014 delikatne plastry schabu z kremow\u0105 past\u0105 chrzanow\u0105. 9 sztuk.\" \/>\n<meta property=\"og:url\" content=\"https:\/\/harasowka.pl\/sklep\/produkt\/schab-po-warszawsku-9szt\/\" \/>\n<meta property=\"og:site_name\" content=\"Sklep Haras\u00f3wka\" \/>\n<meta property=\"article:publisher\" content=\"https:\/\/www.facebook.com\/harasowka\/\" \/>\n<meta property=\"article:modified_time\" content=\"2026-03-10T05:38:29+00:00\" \/>\n<meta property=\"og:image\" content=\"https:\/\/harasowka.pl\/sklep\/wp-content\/uploads\/2024\/03\/IMG_0449-scaled.jpg\" \/>\n\t<meta property=\"og:image:width\" content=\"2560\" \/>\n\t<meta property=\"og:image:height\" content=\"1707\" \/>\n\t<meta property=\"og:image:type\" content=\"image\/jpeg\" \/>\n<meta name=\"twitter:card\" content=\"summary_large_image\" \/>\n<script type=\"application\/ld+json\" class=\"yoast-schema-graph\">{\"@context\":\"https:\/\/schema.org\",\"@graph\":[{\"@type\":\"WebPage\",\"@id\":\"https:\/\/harasowka.pl\/sklep\/produkt\/schab-po-warszawsku-9szt\/\",\"url\":\"https:\/\/harasowka.pl\/sklep\/produkt\/schab-po-warszawsku-9szt\/\",\"name\":\"Schab po warszawsku z past\u0105 chrzanow\u0105 (9szt) - Sklep Haras\u00f3wka\",\"isPartOf\":{\"@id\":\"https:\/\/harasowka.pl\/sklep\/#website\"},\"primaryImageOfPage\":{\"@id\":\"https:\/\/harasowka.pl\/sklep\/produkt\/schab-po-warszawsku-9szt\/#primaryimage\"},\"image\":{\"@id\":\"https:\/\/harasowka.pl\/sklep\/produkt\/schab-po-warszawsku-9szt\/#primaryimage\"},\"thumbnailUrl\":\"https:\/\/harasowka.pl\/sklep\/wp-content\/uploads\/2024\/03\/IMG_0449-scaled.jpg\",\"datePublished\":\"2024-03-15T14:58:13+00:00\",\"dateModified\":\"2026-03-10T05:38:29+00:00\",\"breadcrumb\":{\"@id\":\"https:\/\/harasowka.pl\/sklep\/produkt\/schab-po-warszawsku-9szt\/#breadcrumb\"},\"inLanguage\":\"pl-PL\",\"potentialAction\":[{\"@type\":\"ReadAction\",\"target\":[\"https:\/\/harasowka.pl\/sklep\/produkt\/schab-po-warszawsku-9szt\/\"]}]},{\"@type\":\"ImageObject\",\"inLanguage\":\"pl-PL\",\"@id\":\"https:\/\/harasowka.pl\/sklep\/produkt\/schab-po-warszawsku-9szt\/#primaryimage\",\"url\":\"https:\/\/harasowka.pl\/sklep\/wp-content\/uploads\/2024\/03\/IMG_0449-scaled.jpg\",\"contentUrl\":\"https:\/\/harasowka.pl\/sklep\/wp-content\/uploads\/2024\/03\/IMG_0449-scaled.jpg\",\"width\":2560,\"height\":1707,\"caption\":\"Schab po warszawsku z past\u0105 chrzanow\u0105 (9szt)\"},{\"@type\":\"BreadcrumbList\",\"@id\":\"https:\/\/harasowka.pl\/sklep\/produkt\/schab-po-warszawsku-9szt\/#breadcrumb\",\"itemListElement\":[{\"@type\":\"ListItem\",\"position\":1,\"name\":\"Strona g\u0142\u00f3wna\",\"item\":\"https:\/\/harasowka.pl\/sklep\/\"},{\"@type\":\"ListItem\",\"position\":2,\"name\":\"Shop\",\"item\":\"https:\/\/harasowka.pl\/sklep\/shop\/\"},{\"@type\":\"ListItem\",\"position\":3,\"name\":\"Schab po warszawsku z past\u0105 chrzanow\u0105 (9szt)\"}]},{\"@type\":\"WebSite\",\"@id\":\"https:\/\/harasowka.pl\/sklep\/#website\",\"url\":\"https:\/\/harasowka.pl\/sklep\/\",\"name\":\"Sklep Haras\u00f3wka\",\"description\":\"Kuchnia - Tradycja - Zdrowie\",\"potentialAction\":[{\"@type\":\"SearchAction\",\"target\":{\"@type\":\"EntryPoint\",\"urlTemplate\":\"https:\/\/harasowka.pl\/sklep\/?s={search_term_string}\"},\"query-input\":{\"@type\":\"PropertyValueSpecification\",\"valueRequired\":true,\"valueName\":\"search_term_string\"}}],\"inLanguage\":\"pl-PL\"}]}<\/script>\n<!-- \/ Yoast SEO plugin. -->","yoast_head_json":{"title":"Schab po warszawsku z past\u0105 chrzanow\u0105 (9szt) - Sklep Haras\u00f3wka","robots":{"index":"index","follow":"follow","max-snippet":"max-snippet:-1","max-image-preview":"max-image-preview:large","max-video-preview":"max-video-preview:-1"},"canonical":"https:\/\/harasowka.pl\/sklep\/produkt\/schab-po-warszawsku-9szt\/","og_locale":"pl_PL","og_type":"article","og_title":"Schab po warszawsku z past\u0105 chrzanow\u0105 (9szt) - Sklep Haras\u00f3wka","og_description":"Klasyczna zak\u0105ska na zimno \u2014 delikatne plastry schabu z kremow\u0105 past\u0105 chrzanow\u0105. 9 sztuk.","og_url":"https:\/\/harasowka.pl\/sklep\/produkt\/schab-po-warszawsku-9szt\/","og_site_name":"Sklep Haras\u00f3wka","article_publisher":"https:\/\/www.facebook.com\/harasowka\/","article_modified_time":"2026-03-10T05:38:29+00:00","og_image":[{"width":2560,"height":1707,"url":"https:\/\/harasowka.pl\/sklep\/wp-content\/uploads\/2024\/03\/IMG_0449-scaled.jpg","type":"image\/jpeg"}],"twitter_card":"summary_large_image","schema":{"@context":"https:\/\/schema.org","@graph":[{"@type":"WebPage","@id":"https:\/\/harasowka.pl\/sklep\/produkt\/schab-po-warszawsku-9szt\/","url":"https:\/\/harasowka.pl\/sklep\/produkt\/schab-po-warszawsku-9szt\/","name":"Schab po warszawsku z past\u0105 chrzanow\u0105 (9szt) - Sklep Haras\u00f3wka","isPartOf":{"@id":"https:\/\/harasowka.pl\/sklep\/#website"},"primaryImageOfPage":{"@id":"https:\/\/harasowka.pl\/sklep\/produkt\/schab-po-warszawsku-9szt\/#primaryimage"},"image":{"@id":"https:\/\/harasowka.pl\/sklep\/produkt\/schab-po-warszawsku-9szt\/#primaryimage"},"thumbnailUrl":"https:\/\/harasowka.pl\/sklep\/wp-content\/uploads\/2024\/03\/IMG_0449-scaled.jpg","datePublished":"2024-03-15T14:58:13+00:00","dateModified":"2026-03-10T05:38:29+00:00","breadcrumb":{"@id":"https:\/\/harasowka.pl\/sklep\/produkt\/schab-po-warszawsku-9szt\/#breadcrumb"},"inLanguage":"pl-PL","potentialAction":[{"@type":"ReadAction","target":["https:\/\/harasowka.pl\/sklep\/produkt\/schab-po-warszawsku-9szt\/"]}]},{"@type":"ImageObject","inLanguage":"pl-PL","@id":"https:\/\/harasowka.pl\/sklep\/produkt\/schab-po-warszawsku-9szt\/#primaryimage","url":"https:\/\/harasowka.pl\/sklep\/wp-content\/uploads\/2024\/03\/IMG_0449-scaled.jpg","contentUrl":"https:\/\/harasowka.pl\/sklep\/wp-content\/uploads\/2024\/03\/IMG_0449-scaled.jpg","width":2560,"height":1707,"caption":"Schab po warszawsku z past\u0105 chrzanow\u0105 (9szt)"},{"@type":"BreadcrumbList","@id":"https:\/\/harasowka.pl\/sklep\/produkt\/schab-po-warszawsku-9szt\/#breadcrumb","itemListElement":[{"@type":"ListItem","position":1,"name":"Strona g\u0142\u00f3wna","item":"https:\/\/harasowka.pl\/sklep\/"},{"@type":"ListItem","position":2,"name":"Shop","item":"https:\/\/harasowka.pl\/sklep\/shop\/"},{"@type":"ListItem","position":3,"name":"Schab po warszawsku z past\u0105 chrzanow\u0105 (9szt)"}]},{"@type":"WebSite","@id":"https:\/\/harasowka.pl\/sklep\/#website","url":"https:\/\/harasowka.pl\/sklep\/","name":"Sklep Haras\u00f3wka","description":"Kuchnia - Tradycja - Zdrowie","potentialAction":[{"@type":"SearchAction","target":{"@type":"EntryPoint","urlTemplate":"https:\/\/harasowka.pl\/sklep\/?s={search_term_string}"},"query-input":{"@type":"PropertyValueSpecification","valueRequired":true,"valueName":"search_term_string"}}],"inLanguage":"pl-PL"}]}},"jetpack_sharing_enabled":true,"_links":{"self":[{"href":"https:\/\/harasowka.pl\/sklep\/wp-json\/wp\/v2\/product\/1026","targetHints":{"allow":["GET"]}}],"collection":[{"href":"https:\/\/harasowka.pl\/sklep\/wp-json\/wp\/v2\/product"}],"about":[{"href":"https:\/\/harasowka.pl\/sklep\/wp-json\/wp\/v2\/types\/product"}],"version-history":[{"count":7,"href":"https:\/\/harasowka.pl\/sklep\/wp-json\/wp\/v2\/product\/1026\/revisions"}],"predecessor-version":[{"id":1676,"href":"https:\/\/harasowka.pl\/sklep\/wp-json\/wp\/v2\/product\/1026\/revisions\/1676"}],"wp:featuredmedia":[{"embeddable":true,"href":"https:\/\/harasowka.pl\/sklep\/wp-json\/wp\/v2\/media\/1027"}],"wp:attachment":[{"href":"https:\/\/harasowka.pl\/sklep\/wp-json\/wp\/v2\/media?parent=1026"}],"wp:term":[{"taxonomy":"product_cat","embeddable":true,"href":"https:\/\/harasowka.pl\/sklep\/wp-json\/wp\/v2\/product_cat?post=1026"},{"taxonomy":"product_tag","embeddable":true,"href":"https:\/\/harasowka.pl\/sklep\/wp-json\/wp\/v2\/product_tag?post=1026"}],"curies":[{"name":"wp","href":"https:\/\/api.w.org\/{rel}","templated":true}]}}