{"id":1050,"date":"2024-03-15T17:13:08","date_gmt":"2024-03-15T16:13:08","guid":{"rendered":"https:\/\/harasowka.pl\/sklep\/?post_type=product&#038;p=1050"},"modified":"2026-03-10T06:38:31","modified_gmt":"2026-03-10T05:38:31","slug":"ciasto-makowe-z-wisniami-w-galaretce-blacha","status":"publish","type":"product","link":"https:\/\/harasowka.pl\/sklep\/produkt\/ciasto-makowe-z-wisniami-w-galaretce-blacha\/","title":{"rendered":"Ciasto makowe z wi\u015bniami w galaretce (1\/2 blachy)"},"content":{"rendered":"<p><strong>&#x1f370; Ciasto makowe z wi\u015bniami w galaretce (1\/2 blachy)<\/strong><\/p>\n<p>Wyj\u0105tkowe po\u0142\u0105czenie delikatnego ciasta z intensywnym smakiem maku, harmonizuj\u0105ce z soczystymi wi\u015bniami zatopionymi w lekkiej galaretce. Zachwyca nie tylko wygl\u0105dem, ale przede wszystkim bogactwem smaku i aromatu. Naszego wypieku, z najwy\u017cszej jako\u015bci sk\u0142adnik\u00f3w.<\/p>\n<p>&#x1f37d;&#xfe0f; <strong>Propozycja podania:<\/strong><br \/>\nIdealne na rodzinne spotkania, przyj\u0119cia i ka\u017cd\u0105 okazj\u0119. Podawa\u0107 w temperaturze pokojowej lub lekko sch\u0142odzone.<\/p>\n<p>&#x2744;&#xfe0f; <strong>Przechowywanie:<\/strong> od +1\u00b0C do +8\u00b0C<br \/>\nProdukt gotowy do spo\u017cycia \u2014 nie wymaga odgrzewania.<\/p>\n","protected":false},"excerpt":{"rendered":"<p>Delikatne ciasto makowe z soczystymi wi\u015bniami zatopionymi w lekkiej galaretce. 1\/2 blachy.<\/p>\n","protected":false},"featured_media":1051,"template":"","meta":[],"product_cat":[63,58],"product_tag":[53],"class_list":{"0":"post-1050","1":"product","2":"type-product","3":"status-publish","4":"has-post-thumbnail","6":"product_cat-catering-ciasta","7":"product_cat-catering","8":"product_tag-tradycyjne","10":"first","11":"instock","12":"shipping-taxable","13":"purchasable","14":"product-type-simple"},"yoast_head":"<!-- This site is optimized with the Yoast SEO plugin v27.1.1 - https:\/\/yoast.com\/product\/yoast-seo-wordpress\/ -->\n<title>Ciasto makowe z wi\u015bniami w galaretce (1\/2 blachy) - Sklep Haras\u00f3wka<\/title>\n<meta name=\"robots\" content=\"index, follow, max-snippet:-1, max-image-preview:large, max-video-preview:-1\" \/>\n<link rel=\"canonical\" href=\"https:\/\/harasowka.pl\/sklep\/produkt\/ciasto-makowe-z-wisniami-w-galaretce-blacha\/\" \/>\n<meta property=\"og:locale\" content=\"pl_PL\" \/>\n<meta property=\"og:type\" content=\"article\" \/>\n<meta property=\"og:title\" content=\"Ciasto makowe z wi\u015bniami w galaretce (1\/2 blachy) - Sklep Haras\u00f3wka\" \/>\n<meta property=\"og:description\" content=\"Delikatne ciasto makowe z soczystymi wi\u015bniami zatopionymi w lekkiej galaretce. 1\/2 blachy.\" \/>\n<meta property=\"og:url\" content=\"https:\/\/harasowka.pl\/sklep\/produkt\/ciasto-makowe-z-wisniami-w-galaretce-blacha\/\" \/>\n<meta property=\"og:site_name\" content=\"Sklep Haras\u00f3wka\" \/>\n<meta property=\"article:publisher\" content=\"https:\/\/www.facebook.com\/harasowka\/\" \/>\n<meta property=\"article:modified_time\" content=\"2026-03-10T05:38:31+00:00\" \/>\n<meta property=\"og:image\" content=\"https:\/\/harasowka.pl\/sklep\/wp-content\/uploads\/2024\/03\/Przechwytywanie.jpg\" \/>\n\t<meta property=\"og:image:width\" content=\"462\" \/>\n\t<meta property=\"og:image:height\" content=\"392\" \/>\n\t<meta property=\"og:image:type\" content=\"image\/jpeg\" \/>\n<meta name=\"twitter:card\" content=\"summary_large_image\" \/>\n<script type=\"application\/ld+json\" class=\"yoast-schema-graph\">{\"@context\":\"https:\/\/schema.org\",\"@graph\":[{\"@type\":\"WebPage\",\"@id\":\"https:\/\/harasowka.pl\/sklep\/produkt\/ciasto-makowe-z-wisniami-w-galaretce-blacha\/\",\"url\":\"https:\/\/harasowka.pl\/sklep\/produkt\/ciasto-makowe-z-wisniami-w-galaretce-blacha\/\",\"name\":\"Ciasto makowe z wi\u015bniami w galaretce (1\/2 blachy) - Sklep Haras\u00f3wka\",\"isPartOf\":{\"@id\":\"https:\/\/harasowka.pl\/sklep\/#website\"},\"primaryImageOfPage\":{\"@id\":\"https:\/\/harasowka.pl\/sklep\/produkt\/ciasto-makowe-z-wisniami-w-galaretce-blacha\/#primaryimage\"},\"image\":{\"@id\":\"https:\/\/harasowka.pl\/sklep\/produkt\/ciasto-makowe-z-wisniami-w-galaretce-blacha\/#primaryimage\"},\"thumbnailUrl\":\"https:\/\/harasowka.pl\/sklep\/wp-content\/uploads\/2024\/03\/Przechwytywanie.jpg\",\"datePublished\":\"2024-03-15T16:13:08+00:00\",\"dateModified\":\"2026-03-10T05:38:31+00:00\",\"breadcrumb\":{\"@id\":\"https:\/\/harasowka.pl\/sklep\/produkt\/ciasto-makowe-z-wisniami-w-galaretce-blacha\/#breadcrumb\"},\"inLanguage\":\"pl-PL\",\"potentialAction\":[{\"@type\":\"ReadAction\",\"target\":[\"https:\/\/harasowka.pl\/sklep\/produkt\/ciasto-makowe-z-wisniami-w-galaretce-blacha\/\"]}]},{\"@type\":\"ImageObject\",\"inLanguage\":\"pl-PL\",\"@id\":\"https:\/\/harasowka.pl\/sklep\/produkt\/ciasto-makowe-z-wisniami-w-galaretce-blacha\/#primaryimage\",\"url\":\"https:\/\/harasowka.pl\/sklep\/wp-content\/uploads\/2024\/03\/Przechwytywanie.jpg\",\"contentUrl\":\"https:\/\/harasowka.pl\/sklep\/wp-content\/uploads\/2024\/03\/Przechwytywanie.jpg\",\"width\":462,\"height\":392,\"caption\":\"Ciasto makowe z wi\u015bniami w galaretce ( 1\/2 blachy)\"},{\"@type\":\"BreadcrumbList\",\"@id\":\"https:\/\/harasowka.pl\/sklep\/produkt\/ciasto-makowe-z-wisniami-w-galaretce-blacha\/#breadcrumb\",\"itemListElement\":[{\"@type\":\"ListItem\",\"position\":1,\"name\":\"Strona g\u0142\u00f3wna\",\"item\":\"https:\/\/harasowka.pl\/sklep\/\"},{\"@type\":\"ListItem\",\"position\":2,\"name\":\"Shop\",\"item\":\"https:\/\/harasowka.pl\/sklep\/shop\/\"},{\"@type\":\"ListItem\",\"position\":3,\"name\":\"Ciasto makowe z wi\u015bniami w galaretce (1\/2 blachy)\"}]},{\"@type\":\"WebSite\",\"@id\":\"https:\/\/harasowka.pl\/sklep\/#website\",\"url\":\"https:\/\/harasowka.pl\/sklep\/\",\"name\":\"Sklep Haras\u00f3wka\",\"description\":\"Kuchnia - Tradycja - Zdrowie\",\"potentialAction\":[{\"@type\":\"SearchAction\",\"target\":{\"@type\":\"EntryPoint\",\"urlTemplate\":\"https:\/\/harasowka.pl\/sklep\/?s={search_term_string}\"},\"query-input\":{\"@type\":\"PropertyValueSpecification\",\"valueRequired\":true,\"valueName\":\"search_term_string\"}}],\"inLanguage\":\"pl-PL\"}]}<\/script>\n<!-- \/ Yoast SEO plugin. -->","yoast_head_json":{"title":"Ciasto makowe z wi\u015bniami w galaretce (1\/2 blachy) - Sklep Haras\u00f3wka","robots":{"index":"index","follow":"follow","max-snippet":"max-snippet:-1","max-image-preview":"max-image-preview:large","max-video-preview":"max-video-preview:-1"},"canonical":"https:\/\/harasowka.pl\/sklep\/produkt\/ciasto-makowe-z-wisniami-w-galaretce-blacha\/","og_locale":"pl_PL","og_type":"article","og_title":"Ciasto makowe z wi\u015bniami w galaretce (1\/2 blachy) - Sklep Haras\u00f3wka","og_description":"Delikatne ciasto makowe z soczystymi wi\u015bniami zatopionymi w lekkiej galaretce. 1\/2 blachy.","og_url":"https:\/\/harasowka.pl\/sklep\/produkt\/ciasto-makowe-z-wisniami-w-galaretce-blacha\/","og_site_name":"Sklep Haras\u00f3wka","article_publisher":"https:\/\/www.facebook.com\/harasowka\/","article_modified_time":"2026-03-10T05:38:31+00:00","og_image":[{"width":462,"height":392,"url":"https:\/\/harasowka.pl\/sklep\/wp-content\/uploads\/2024\/03\/Przechwytywanie.jpg","type":"image\/jpeg"}],"twitter_card":"summary_large_image","schema":{"@context":"https:\/\/schema.org","@graph":[{"@type":"WebPage","@id":"https:\/\/harasowka.pl\/sklep\/produkt\/ciasto-makowe-z-wisniami-w-galaretce-blacha\/","url":"https:\/\/harasowka.pl\/sklep\/produkt\/ciasto-makowe-z-wisniami-w-galaretce-blacha\/","name":"Ciasto makowe z wi\u015bniami w galaretce (1\/2 blachy) - Sklep Haras\u00f3wka","isPartOf":{"@id":"https:\/\/harasowka.pl\/sklep\/#website"},"primaryImageOfPage":{"@id":"https:\/\/harasowka.pl\/sklep\/produkt\/ciasto-makowe-z-wisniami-w-galaretce-blacha\/#primaryimage"},"image":{"@id":"https:\/\/harasowka.pl\/sklep\/produkt\/ciasto-makowe-z-wisniami-w-galaretce-blacha\/#primaryimage"},"thumbnailUrl":"https:\/\/harasowka.pl\/sklep\/wp-content\/uploads\/2024\/03\/Przechwytywanie.jpg","datePublished":"2024-03-15T16:13:08+00:00","dateModified":"2026-03-10T05:38:31+00:00","breadcrumb":{"@id":"https:\/\/harasowka.pl\/sklep\/produkt\/ciasto-makowe-z-wisniami-w-galaretce-blacha\/#breadcrumb"},"inLanguage":"pl-PL","potentialAction":[{"@type":"ReadAction","target":["https:\/\/harasowka.pl\/sklep\/produkt\/ciasto-makowe-z-wisniami-w-galaretce-blacha\/"]}]},{"@type":"ImageObject","inLanguage":"pl-PL","@id":"https:\/\/harasowka.pl\/sklep\/produkt\/ciasto-makowe-z-wisniami-w-galaretce-blacha\/#primaryimage","url":"https:\/\/harasowka.pl\/sklep\/wp-content\/uploads\/2024\/03\/Przechwytywanie.jpg","contentUrl":"https:\/\/harasowka.pl\/sklep\/wp-content\/uploads\/2024\/03\/Przechwytywanie.jpg","width":462,"height":392,"caption":"Ciasto makowe z wi\u015bniami w galaretce ( 1\/2 blachy)"},{"@type":"BreadcrumbList","@id":"https:\/\/harasowka.pl\/sklep\/produkt\/ciasto-makowe-z-wisniami-w-galaretce-blacha\/#breadcrumb","itemListElement":[{"@type":"ListItem","position":1,"name":"Strona g\u0142\u00f3wna","item":"https:\/\/harasowka.pl\/sklep\/"},{"@type":"ListItem","position":2,"name":"Shop","item":"https:\/\/harasowka.pl\/sklep\/shop\/"},{"@type":"ListItem","position":3,"name":"Ciasto makowe z wi\u015bniami w galaretce (1\/2 blachy)"}]},{"@type":"WebSite","@id":"https:\/\/harasowka.pl\/sklep\/#website","url":"https:\/\/harasowka.pl\/sklep\/","name":"Sklep Haras\u00f3wka","description":"Kuchnia - Tradycja - Zdrowie","potentialAction":[{"@type":"SearchAction","target":{"@type":"EntryPoint","urlTemplate":"https:\/\/harasowka.pl\/sklep\/?s={search_term_string}"},"query-input":{"@type":"PropertyValueSpecification","valueRequired":true,"valueName":"search_term_string"}}],"inLanguage":"pl-PL"}]}},"jetpack_sharing_enabled":true,"_links":{"self":[{"href":"https:\/\/harasowka.pl\/sklep\/wp-json\/wp\/v2\/product\/1050","targetHints":{"allow":["GET"]}}],"collection":[{"href":"https:\/\/harasowka.pl\/sklep\/wp-json\/wp\/v2\/product"}],"about":[{"href":"https:\/\/harasowka.pl\/sklep\/wp-json\/wp\/v2\/types\/product"}],"version-history":[{"count":5,"href":"https:\/\/harasowka.pl\/sklep\/wp-json\/wp\/v2\/product\/1050\/revisions"}],"predecessor-version":[{"id":1681,"href":"https:\/\/harasowka.pl\/sklep\/wp-json\/wp\/v2\/product\/1050\/revisions\/1681"}],"wp:featuredmedia":[{"embeddable":true,"href":"https:\/\/harasowka.pl\/sklep\/wp-json\/wp\/v2\/media\/1051"}],"wp:attachment":[{"href":"https:\/\/harasowka.pl\/sklep\/wp-json\/wp\/v2\/media?parent=1050"}],"wp:term":[{"taxonomy":"product_cat","embeddable":true,"href":"https:\/\/harasowka.pl\/sklep\/wp-json\/wp\/v2\/product_cat?post=1050"},{"taxonomy":"product_tag","embeddable":true,"href":"https:\/\/harasowka.pl\/sklep\/wp-json\/wp\/v2\/product_tag?post=1050"}],"curies":[{"name":"wp","href":"https:\/\/api.w.org\/{rel}","templated":true}]}}