{"id":1065,"date":"2024-03-19T14:07:19","date_gmt":"2024-03-19T13:07:19","guid":{"rendered":"https:\/\/harasowka.pl\/sklep\/?post_type=product&#038;p=1065"},"modified":"2026-03-10T06:38:31","modified_gmt":"2026-03-10T05:38:31","slug":"bigos-staropolski-sloik-09l","status":"publish","type":"product","link":"https:\/\/harasowka.pl\/sklep\/produkt\/bigos-staropolski-sloik-09l\/","title":{"rendered":"Bigos staropolski (s\u0142oik 0,9l)"},"content":{"rendered":"<p><strong>&#x1f356; Bigos staropolski (s\u0142oik 0,9l)<\/strong><\/p>\n<p>Tradycyjny, esencjonalny bigos przygotowany na bazie kiszonej i \u015bwie\u017cej kapusty, d\u0142ugo duszony z aromatycznymi grzybami, soczystymi kawa\u0142kami mi\u0119sa oraz suszonymi \u015bliwkami. Bogactwo smak\u00f3w rozwija si\u0119 podczas powolnego gotowania \u2014 bigos nabiera g\u0142\u0119bi i intensywno\u015bci, idealnie wpisuj\u0105c si\u0119 w tradycj\u0119 polskiej kuchni.<\/p>\n<p>&#x1f37d;&#xfe0f; <strong>Propozycja podania:<\/strong><br \/>\nNajlepiej smakuje z chlebem na zakwasie. Mo\u017cna te\u017c poda\u0107 z ziemniakami lub jako samodzielne danie. Smak pog\u0142\u0119bia si\u0119 z ka\u017cdym odgrzaniem.<\/p>\n<p>&#x1f525; <strong>Jak odgrza\u0107:<\/strong><br \/>\n<strong>Garnek:<\/strong> na ma\u0142ym ogniu, 10\u201315 minut<br \/>\n<strong>Mikrofal\u00f3wka:<\/strong> 5\u20137 minut, moc 900W<\/p>\n<p>&#x2744;&#xfe0f; <strong>Przechowywanie:<\/strong> od +1\u00b0C do +8\u00b0C<br \/>\nNasze produkty cateringowe wydawane s\u0105 gotowe do spo\u017cycia \u2014 wystarczy je odgrza\u0107.<\/p>\n","protected":false},"excerpt":{"rendered":"<p>Tradycyjny bigos na bazie kiszonej i \u015bwie\u017cej kapusty z mi\u0119sem, grzybami i \u015bliwkami. S\u0142oik 0,9l.<\/p>\n","protected":false},"featured_media":1066,"template":"","meta":[],"product_cat":[59,44,58],"product_tag":[49,53],"class_list":{"0":"post-1065","1":"product","2":"type-product","3":"status-publish","4":"has-post-thumbnail","6":"product_cat-catering-dania-glowne","7":"product_cat-boze-narodzenie","8":"product_cat-catering","9":"product_tag-na-cieplo","10":"product_tag-tradycyjne","12":"first","13":"instock","14":"shipping-taxable","15":"purchasable","16":"product-type-simple"},"yoast_head":"<!-- This site is optimized with the Yoast SEO plugin v27.1.1 - https:\/\/yoast.com\/product\/yoast-seo-wordpress\/ -->\n<title>Bigos staropolski (s\u0142oik 0,9l) - Sklep Haras\u00f3wka<\/title>\n<meta name=\"robots\" content=\"index, follow, max-snippet:-1, max-image-preview:large, max-video-preview:-1\" \/>\n<link rel=\"canonical\" href=\"https:\/\/harasowka.pl\/sklep\/produkt\/bigos-staropolski-sloik-09l\/\" \/>\n<meta property=\"og:locale\" content=\"pl_PL\" \/>\n<meta property=\"og:type\" content=\"article\" \/>\n<meta property=\"og:title\" content=\"Bigos staropolski (s\u0142oik 0,9l) - Sklep Haras\u00f3wka\" \/>\n<meta property=\"og:description\" content=\"Tradycyjny bigos na bazie kiszonej i \u015bwie\u017cej kapusty z mi\u0119sem, grzybami i \u015bliwkami. S\u0142oik 0,9l.\" \/>\n<meta property=\"og:url\" content=\"https:\/\/harasowka.pl\/sklep\/produkt\/bigos-staropolski-sloik-09l\/\" \/>\n<meta property=\"og:site_name\" content=\"Sklep Haras\u00f3wka\" \/>\n<meta property=\"article:publisher\" content=\"https:\/\/www.facebook.com\/harasowka\/\" \/>\n<meta property=\"article:modified_time\" content=\"2026-03-10T05:38:31+00:00\" \/>\n<meta property=\"og:image\" content=\"https:\/\/harasowka.pl\/sklep\/wp-content\/uploads\/2024\/03\/bigos-prawie-mysliwski0-4.jpg\" \/>\n\t<meta property=\"og:image:width\" content=\"938\" \/>\n\t<meta property=\"og:image:height\" content=\"659\" \/>\n\t<meta property=\"og:image:type\" content=\"image\/jpeg\" \/>\n<meta name=\"twitter:card\" content=\"summary_large_image\" \/>\n<meta name=\"twitter:label1\" content=\"Szacowany czas czytania\" \/>\n\t<meta name=\"twitter:data1\" content=\"1 minuta\" \/>\n<script type=\"application\/ld+json\" class=\"yoast-schema-graph\">{\"@context\":\"https:\/\/schema.org\",\"@graph\":[{\"@type\":\"WebPage\",\"@id\":\"https:\/\/harasowka.pl\/sklep\/produkt\/bigos-staropolski-sloik-09l\/\",\"url\":\"https:\/\/harasowka.pl\/sklep\/produkt\/bigos-staropolski-sloik-09l\/\",\"name\":\"Bigos staropolski (s\u0142oik 0,9l) - Sklep Haras\u00f3wka\",\"isPartOf\":{\"@id\":\"https:\/\/harasowka.pl\/sklep\/#website\"},\"primaryImageOfPage\":{\"@id\":\"https:\/\/harasowka.pl\/sklep\/produkt\/bigos-staropolski-sloik-09l\/#primaryimage\"},\"image\":{\"@id\":\"https:\/\/harasowka.pl\/sklep\/produkt\/bigos-staropolski-sloik-09l\/#primaryimage\"},\"thumbnailUrl\":\"https:\/\/harasowka.pl\/sklep\/wp-content\/uploads\/2024\/03\/bigos-prawie-mysliwski0-4.jpg\",\"datePublished\":\"2024-03-19T13:07:19+00:00\",\"dateModified\":\"2026-03-10T05:38:31+00:00\",\"breadcrumb\":{\"@id\":\"https:\/\/harasowka.pl\/sklep\/produkt\/bigos-staropolski-sloik-09l\/#breadcrumb\"},\"inLanguage\":\"pl-PL\",\"potentialAction\":[{\"@type\":\"ReadAction\",\"target\":[\"https:\/\/harasowka.pl\/sklep\/produkt\/bigos-staropolski-sloik-09l\/\"]}]},{\"@type\":\"ImageObject\",\"inLanguage\":\"pl-PL\",\"@id\":\"https:\/\/harasowka.pl\/sklep\/produkt\/bigos-staropolski-sloik-09l\/#primaryimage\",\"url\":\"https:\/\/harasowka.pl\/sklep\/wp-content\/uploads\/2024\/03\/bigos-prawie-mysliwski0-4.jpg\",\"contentUrl\":\"https:\/\/harasowka.pl\/sklep\/wp-content\/uploads\/2024\/03\/bigos-prawie-mysliwski0-4.jpg\",\"width\":938,\"height\":659,\"caption\":\"Bigos staropolski (s\u0142oik 0,9l)\"},{\"@type\":\"BreadcrumbList\",\"@id\":\"https:\/\/harasowka.pl\/sklep\/produkt\/bigos-staropolski-sloik-09l\/#breadcrumb\",\"itemListElement\":[{\"@type\":\"ListItem\",\"position\":1,\"name\":\"Strona g\u0142\u00f3wna\",\"item\":\"https:\/\/harasowka.pl\/sklep\/\"},{\"@type\":\"ListItem\",\"position\":2,\"name\":\"Shop\",\"item\":\"https:\/\/harasowka.pl\/sklep\/shop\/\"},{\"@type\":\"ListItem\",\"position\":3,\"name\":\"Bigos staropolski (s\u0142oik 0,9l)\"}]},{\"@type\":\"WebSite\",\"@id\":\"https:\/\/harasowka.pl\/sklep\/#website\",\"url\":\"https:\/\/harasowka.pl\/sklep\/\",\"name\":\"Sklep Haras\u00f3wka\",\"description\":\"Kuchnia - Tradycja - Zdrowie\",\"potentialAction\":[{\"@type\":\"SearchAction\",\"target\":{\"@type\":\"EntryPoint\",\"urlTemplate\":\"https:\/\/harasowka.pl\/sklep\/?s={search_term_string}\"},\"query-input\":{\"@type\":\"PropertyValueSpecification\",\"valueRequired\":true,\"valueName\":\"search_term_string\"}}],\"inLanguage\":\"pl-PL\"}]}<\/script>\n<!-- \/ Yoast SEO plugin. -->","yoast_head_json":{"title":"Bigos staropolski (s\u0142oik 0,9l) - Sklep Haras\u00f3wka","robots":{"index":"index","follow":"follow","max-snippet":"max-snippet:-1","max-image-preview":"max-image-preview:large","max-video-preview":"max-video-preview:-1"},"canonical":"https:\/\/harasowka.pl\/sklep\/produkt\/bigos-staropolski-sloik-09l\/","og_locale":"pl_PL","og_type":"article","og_title":"Bigos staropolski (s\u0142oik 0,9l) - Sklep Haras\u00f3wka","og_description":"Tradycyjny bigos na bazie kiszonej i \u015bwie\u017cej kapusty z mi\u0119sem, grzybami i \u015bliwkami. S\u0142oik 0,9l.","og_url":"https:\/\/harasowka.pl\/sklep\/produkt\/bigos-staropolski-sloik-09l\/","og_site_name":"Sklep Haras\u00f3wka","article_publisher":"https:\/\/www.facebook.com\/harasowka\/","article_modified_time":"2026-03-10T05:38:31+00:00","og_image":[{"width":938,"height":659,"url":"https:\/\/harasowka.pl\/sklep\/wp-content\/uploads\/2024\/03\/bigos-prawie-mysliwski0-4.jpg","type":"image\/jpeg"}],"twitter_card":"summary_large_image","twitter_misc":{"Szacowany czas czytania":"1 minuta"},"schema":{"@context":"https:\/\/schema.org","@graph":[{"@type":"WebPage","@id":"https:\/\/harasowka.pl\/sklep\/produkt\/bigos-staropolski-sloik-09l\/","url":"https:\/\/harasowka.pl\/sklep\/produkt\/bigos-staropolski-sloik-09l\/","name":"Bigos staropolski (s\u0142oik 0,9l) - Sklep Haras\u00f3wka","isPartOf":{"@id":"https:\/\/harasowka.pl\/sklep\/#website"},"primaryImageOfPage":{"@id":"https:\/\/harasowka.pl\/sklep\/produkt\/bigos-staropolski-sloik-09l\/#primaryimage"},"image":{"@id":"https:\/\/harasowka.pl\/sklep\/produkt\/bigos-staropolski-sloik-09l\/#primaryimage"},"thumbnailUrl":"https:\/\/harasowka.pl\/sklep\/wp-content\/uploads\/2024\/03\/bigos-prawie-mysliwski0-4.jpg","datePublished":"2024-03-19T13:07:19+00:00","dateModified":"2026-03-10T05:38:31+00:00","breadcrumb":{"@id":"https:\/\/harasowka.pl\/sklep\/produkt\/bigos-staropolski-sloik-09l\/#breadcrumb"},"inLanguage":"pl-PL","potentialAction":[{"@type":"ReadAction","target":["https:\/\/harasowka.pl\/sklep\/produkt\/bigos-staropolski-sloik-09l\/"]}]},{"@type":"ImageObject","inLanguage":"pl-PL","@id":"https:\/\/harasowka.pl\/sklep\/produkt\/bigos-staropolski-sloik-09l\/#primaryimage","url":"https:\/\/harasowka.pl\/sklep\/wp-content\/uploads\/2024\/03\/bigos-prawie-mysliwski0-4.jpg","contentUrl":"https:\/\/harasowka.pl\/sklep\/wp-content\/uploads\/2024\/03\/bigos-prawie-mysliwski0-4.jpg","width":938,"height":659,"caption":"Bigos staropolski (s\u0142oik 0,9l)"},{"@type":"BreadcrumbList","@id":"https:\/\/harasowka.pl\/sklep\/produkt\/bigos-staropolski-sloik-09l\/#breadcrumb","itemListElement":[{"@type":"ListItem","position":1,"name":"Strona g\u0142\u00f3wna","item":"https:\/\/harasowka.pl\/sklep\/"},{"@type":"ListItem","position":2,"name":"Shop","item":"https:\/\/harasowka.pl\/sklep\/shop\/"},{"@type":"ListItem","position":3,"name":"Bigos staropolski (s\u0142oik 0,9l)"}]},{"@type":"WebSite","@id":"https:\/\/harasowka.pl\/sklep\/#website","url":"https:\/\/harasowka.pl\/sklep\/","name":"Sklep Haras\u00f3wka","description":"Kuchnia - Tradycja - Zdrowie","potentialAction":[{"@type":"SearchAction","target":{"@type":"EntryPoint","urlTemplate":"https:\/\/harasowka.pl\/sklep\/?s={search_term_string}"},"query-input":{"@type":"PropertyValueSpecification","valueRequired":true,"valueName":"search_term_string"}}],"inLanguage":"pl-PL"}]}},"jetpack_sharing_enabled":true,"_links":{"self":[{"href":"https:\/\/harasowka.pl\/sklep\/wp-json\/wp\/v2\/product\/1065","targetHints":{"allow":["GET"]}}],"collection":[{"href":"https:\/\/harasowka.pl\/sklep\/wp-json\/wp\/v2\/product"}],"about":[{"href":"https:\/\/harasowka.pl\/sklep\/wp-json\/wp\/v2\/types\/product"}],"version-history":[{"count":5,"href":"https:\/\/harasowka.pl\/sklep\/wp-json\/wp\/v2\/product\/1065\/revisions"}],"predecessor-version":[{"id":1682,"href":"https:\/\/harasowka.pl\/sklep\/wp-json\/wp\/v2\/product\/1065\/revisions\/1682"}],"wp:featuredmedia":[{"embeddable":true,"href":"https:\/\/harasowka.pl\/sklep\/wp-json\/wp\/v2\/media\/1066"}],"wp:attachment":[{"href":"https:\/\/harasowka.pl\/sklep\/wp-json\/wp\/v2\/media?parent=1065"}],"wp:term":[{"taxonomy":"product_cat","embeddable":true,"href":"https:\/\/harasowka.pl\/sklep\/wp-json\/wp\/v2\/product_cat?post=1065"},{"taxonomy":"product_tag","embeddable":true,"href":"https:\/\/harasowka.pl\/sklep\/wp-json\/wp\/v2\/product_tag?post=1065"}],"curies":[{"name":"wp","href":"https:\/\/api.w.org\/{rel}","templated":true}]}}