{"id":1139,"date":"2024-11-06T12:16:52","date_gmt":"2024-11-06T11:16:52","guid":{"rendered":"https:\/\/harasowka.pl\/sklep\/?post_type=product&#038;p=1139"},"modified":"2026-03-09T17:08:10","modified_gmt":"2026-03-09T16:08:10","slug":"sledz-w-smietanie-z-jablkiem-500g","status":"publish","type":"product","link":"https:\/\/harasowka.pl\/sklep\/produkt\/sledz-w-smietanie-z-jablkiem-500g\/","title":{"rendered":"\u015aled\u017a w \u015bmietanie z jab\u0142kiem (500g)"},"content":{"rendered":"<p><strong>&#x1f41f; \u015aled\u017a w \u015bmietanie z jab\u0142kiem (500g)<\/strong><\/p>\n<p>Klasyczna przek\u0105ska, kt\u00f3ra \u0142\u0105czy delikatne filety \u015bledziowe z kremow\u0105, lekko kwaskow\u0105 \u015bmietan\u0105 i chrupi\u0105c\u0105 cebulk\u0105. Ca\u0142o\u015b\u0107 doprawiona \u015bwie\u017co mielonym pieprzem oraz subteln\u0105 nut\u0105 kwasu jab\u0142kowego, tworzy harmonijn\u0105 kompozycj\u0119 smak\u00f3w. Idealna na przyj\u0119cia, spotkania i rodzinne obiady.<\/p>\n<p>&#x1f37d;&#xfe0f; <strong>Propozycja podania:<\/strong><br \/>\nPodawa\u0107 sch\u0142odzony z pieczywem lub jako element zimnego bufetu. \u015awietnie komponuje si\u0119 z m\u0142odymi ziemniakami.<\/p>\n<p>&#x2744;&#xfe0f; <strong>Przechowywanie:<\/strong> od +1\u00b0C do +8\u00b0C<br \/>\nProdukt gotowy do spo\u017cycia \u2014 nie wymaga odgrzewania.<\/p>\n","protected":false},"excerpt":{"rendered":"<p>Delikatne filety \u015bledziowe w kremowej \u015bmietanie z jab\u0142kiem i cebulk\u0105. 500g.<\/p>\n","protected":false},"featured_media":1140,"template":"","meta":[],"product_cat":[60,44,58],"product_tag":[],"class_list":{"0":"post-1139","1":"product","2":"type-product","3":"status-publish","4":"has-post-thumbnail","6":"product_cat-catering-zakaski","7":"product_cat-boze-narodzenie","8":"product_cat-catering","10":"first","11":"instock","12":"shipping-taxable","13":"purchasable","14":"product-type-simple"},"yoast_head":"<!-- This site is optimized with the Yoast SEO plugin v27.1.1 - https:\/\/yoast.com\/product\/yoast-seo-wordpress\/ -->\n<title>\u015aled\u017a w \u015bmietanie z jab\u0142kiem (500g) - Sklep Haras\u00f3wka<\/title>\n<meta name=\"robots\" content=\"index, follow, max-snippet:-1, max-image-preview:large, max-video-preview:-1\" \/>\n<link rel=\"canonical\" href=\"https:\/\/harasowka.pl\/sklep\/?post_type=product&p=1139\" \/>\n<meta property=\"og:locale\" content=\"pl_PL\" \/>\n<meta property=\"og:type\" content=\"article\" \/>\n<meta property=\"og:title\" content=\"\u015aled\u017a w \u015bmietanie z jab\u0142kiem (500g) - Sklep Haras\u00f3wka\" \/>\n<meta property=\"og:description\" content=\"Delikatne filety \u015bledziowe w kremowej \u015bmietanie z jab\u0142kiem i cebulk\u0105. 500g.\" \/>\n<meta property=\"og:url\" content=\"https:\/\/harasowka.pl\/sklep\/?post_type=product&amp;p=1139\" \/>\n<meta property=\"og:site_name\" content=\"Sklep Haras\u00f3wka\" \/>\n<meta property=\"article:publisher\" content=\"https:\/\/www.facebook.com\/harasowka\/\" \/>\n<meta property=\"article:modified_time\" content=\"2026-03-09T16:08:10+00:00\" \/>\n<meta property=\"og:image\" content=\"https:\/\/harasowka.pl\/sklep\/wp-content\/uploads\/2024\/11\/1585644-v-1080x1080-1.jpg\" \/>\n\t<meta property=\"og:image:width\" content=\"1080\" \/>\n\t<meta property=\"og:image:height\" content=\"1080\" \/>\n\t<meta property=\"og:image:type\" content=\"image\/jpeg\" \/>\n<meta name=\"twitter:card\" content=\"summary_large_image\" \/>\n<script type=\"application\/ld+json\" class=\"yoast-schema-graph\">{\"@context\":\"https:\/\/schema.org\",\"@graph\":[{\"@type\":\"WebPage\",\"@id\":\"https:\/\/harasowka.pl\/sklep\/?post_type=product&p=1139\",\"url\":\"https:\/\/harasowka.pl\/sklep\/?post_type=product&p=1139\",\"name\":\"\u015aled\u017a w \u015bmietanie z jab\u0142kiem (500g) - Sklep Haras\u00f3wka\",\"isPartOf\":{\"@id\":\"https:\/\/harasowka.pl\/sklep\/#website\"},\"primaryImageOfPage\":{\"@id\":\"https:\/\/harasowka.pl\/sklep\/?post_type=product&p=1139#primaryimage\"},\"image\":{\"@id\":\"https:\/\/harasowka.pl\/sklep\/?post_type=product&p=1139#primaryimage\"},\"thumbnailUrl\":\"https:\/\/harasowka.pl\/sklep\/wp-content\/uploads\/2024\/11\/1585644-v-1080x1080-1.jpg\",\"datePublished\":\"2024-11-06T11:16:52+00:00\",\"dateModified\":\"2026-03-09T16:08:10+00:00\",\"breadcrumb\":{\"@id\":\"https:\/\/harasowka.pl\/sklep\/?post_type=product&p=1139#breadcrumb\"},\"inLanguage\":\"pl-PL\",\"potentialAction\":[{\"@type\":\"ReadAction\",\"target\":[\"https:\/\/harasowka.pl\/sklep\/?post_type=product&p=1139\"]}]},{\"@type\":\"ImageObject\",\"inLanguage\":\"pl-PL\",\"@id\":\"https:\/\/harasowka.pl\/sklep\/?post_type=product&p=1139#primaryimage\",\"url\":\"https:\/\/harasowka.pl\/sklep\/wp-content\/uploads\/2024\/11\/1585644-v-1080x1080-1.jpg\",\"contentUrl\":\"https:\/\/harasowka.pl\/sklep\/wp-content\/uploads\/2024\/11\/1585644-v-1080x1080-1.jpg\",\"width\":1080,\"height\":1080,\"caption\":\"\u015aled\u017a w \u015bmietanie z jab\u0142kiem (500g)\"},{\"@type\":\"BreadcrumbList\",\"@id\":\"https:\/\/harasowka.pl\/sklep\/?post_type=product&p=1139#breadcrumb\",\"itemListElement\":[{\"@type\":\"ListItem\",\"position\":1,\"name\":\"Strona g\u0142\u00f3wna\",\"item\":\"https:\/\/harasowka.pl\/sklep\/\"},{\"@type\":\"ListItem\",\"position\":2,\"name\":\"Shop\",\"item\":\"https:\/\/harasowka.pl\/sklep\/shop\/\"},{\"@type\":\"ListItem\",\"position\":3,\"name\":\"\u015aled\u017a w \u015bmietanie z jab\u0142kiem (500g)\"}]},{\"@type\":\"WebSite\",\"@id\":\"https:\/\/harasowka.pl\/sklep\/#website\",\"url\":\"https:\/\/harasowka.pl\/sklep\/\",\"name\":\"Sklep Haras\u00f3wka\",\"description\":\"Kuchnia - Tradycja - Zdrowie\",\"potentialAction\":[{\"@type\":\"SearchAction\",\"target\":{\"@type\":\"EntryPoint\",\"urlTemplate\":\"https:\/\/harasowka.pl\/sklep\/?s={search_term_string}\"},\"query-input\":{\"@type\":\"PropertyValueSpecification\",\"valueRequired\":true,\"valueName\":\"search_term_string\"}}],\"inLanguage\":\"pl-PL\"}]}<\/script>\n<!-- \/ Yoast SEO plugin. -->","yoast_head_json":{"title":"\u015aled\u017a w \u015bmietanie z jab\u0142kiem (500g) - Sklep Haras\u00f3wka","robots":{"index":"index","follow":"follow","max-snippet":"max-snippet:-1","max-image-preview":"max-image-preview:large","max-video-preview":"max-video-preview:-1"},"canonical":"https:\/\/harasowka.pl\/sklep\/?post_type=product&p=1139","og_locale":"pl_PL","og_type":"article","og_title":"\u015aled\u017a w \u015bmietanie z jab\u0142kiem (500g) - Sklep Haras\u00f3wka","og_description":"Delikatne filety \u015bledziowe w kremowej \u015bmietanie z jab\u0142kiem i cebulk\u0105. 500g.","og_url":"https:\/\/harasowka.pl\/sklep\/?post_type=product&p=1139","og_site_name":"Sklep Haras\u00f3wka","article_publisher":"https:\/\/www.facebook.com\/harasowka\/","article_modified_time":"2026-03-09T16:08:10+00:00","og_image":[{"width":1080,"height":1080,"url":"https:\/\/harasowka.pl\/sklep\/wp-content\/uploads\/2024\/11\/1585644-v-1080x1080-1.jpg","type":"image\/jpeg"}],"twitter_card":"summary_large_image","schema":{"@context":"https:\/\/schema.org","@graph":[{"@type":"WebPage","@id":"https:\/\/harasowka.pl\/sklep\/?post_type=product&p=1139","url":"https:\/\/harasowka.pl\/sklep\/?post_type=product&p=1139","name":"\u015aled\u017a w \u015bmietanie z jab\u0142kiem (500g) - Sklep Haras\u00f3wka","isPartOf":{"@id":"https:\/\/harasowka.pl\/sklep\/#website"},"primaryImageOfPage":{"@id":"https:\/\/harasowka.pl\/sklep\/?post_type=product&p=1139#primaryimage"},"image":{"@id":"https:\/\/harasowka.pl\/sklep\/?post_type=product&p=1139#primaryimage"},"thumbnailUrl":"https:\/\/harasowka.pl\/sklep\/wp-content\/uploads\/2024\/11\/1585644-v-1080x1080-1.jpg","datePublished":"2024-11-06T11:16:52+00:00","dateModified":"2026-03-09T16:08:10+00:00","breadcrumb":{"@id":"https:\/\/harasowka.pl\/sklep\/?post_type=product&p=1139#breadcrumb"},"inLanguage":"pl-PL","potentialAction":[{"@type":"ReadAction","target":["https:\/\/harasowka.pl\/sklep\/?post_type=product&p=1139"]}]},{"@type":"ImageObject","inLanguage":"pl-PL","@id":"https:\/\/harasowka.pl\/sklep\/?post_type=product&p=1139#primaryimage","url":"https:\/\/harasowka.pl\/sklep\/wp-content\/uploads\/2024\/11\/1585644-v-1080x1080-1.jpg","contentUrl":"https:\/\/harasowka.pl\/sklep\/wp-content\/uploads\/2024\/11\/1585644-v-1080x1080-1.jpg","width":1080,"height":1080,"caption":"\u015aled\u017a w \u015bmietanie z jab\u0142kiem (500g)"},{"@type":"BreadcrumbList","@id":"https:\/\/harasowka.pl\/sklep\/?post_type=product&p=1139#breadcrumb","itemListElement":[{"@type":"ListItem","position":1,"name":"Strona g\u0142\u00f3wna","item":"https:\/\/harasowka.pl\/sklep\/"},{"@type":"ListItem","position":2,"name":"Shop","item":"https:\/\/harasowka.pl\/sklep\/shop\/"},{"@type":"ListItem","position":3,"name":"\u015aled\u017a w \u015bmietanie z jab\u0142kiem (500g)"}]},{"@type":"WebSite","@id":"https:\/\/harasowka.pl\/sklep\/#website","url":"https:\/\/harasowka.pl\/sklep\/","name":"Sklep Haras\u00f3wka","description":"Kuchnia - Tradycja - Zdrowie","potentialAction":[{"@type":"SearchAction","target":{"@type":"EntryPoint","urlTemplate":"https:\/\/harasowka.pl\/sklep\/?s={search_term_string}"},"query-input":{"@type":"PropertyValueSpecification","valueRequired":true,"valueName":"search_term_string"}}],"inLanguage":"pl-PL"}]}},"jetpack_sharing_enabled":true,"_links":{"self":[{"href":"https:\/\/harasowka.pl\/sklep\/wp-json\/wp\/v2\/product\/1139","targetHints":{"allow":["GET"]}}],"collection":[{"href":"https:\/\/harasowka.pl\/sklep\/wp-json\/wp\/v2\/product"}],"about":[{"href":"https:\/\/harasowka.pl\/sklep\/wp-json\/wp\/v2\/types\/product"}],"version-history":[{"count":2,"href":"https:\/\/harasowka.pl\/sklep\/wp-json\/wp\/v2\/product\/1139\/revisions"}],"predecessor-version":[{"id":1142,"href":"https:\/\/harasowka.pl\/sklep\/wp-json\/wp\/v2\/product\/1139\/revisions\/1142"}],"wp:featuredmedia":[{"embeddable":true,"href":"https:\/\/harasowka.pl\/sklep\/wp-json\/wp\/v2\/media\/1140"}],"wp:attachment":[{"href":"https:\/\/harasowka.pl\/sklep\/wp-json\/wp\/v2\/media?parent=1139"}],"wp:term":[{"taxonomy":"product_cat","embeddable":true,"href":"https:\/\/harasowka.pl\/sklep\/wp-json\/wp\/v2\/product_cat?post=1139"},{"taxonomy":"product_tag","embeddable":true,"href":"https:\/\/harasowka.pl\/sklep\/wp-json\/wp\/v2\/product_tag?post=1139"}],"curies":[{"name":"wp","href":"https:\/\/api.w.org\/{rel}","templated":true}]}}