{"id":1159,"date":"2024-11-06T13:32:59","date_gmt":"2024-11-06T12:32:59","guid":{"rendered":"https:\/\/harasowka.pl\/sklep\/?post_type=product&#038;p=1159"},"modified":"2026-03-10T06:38:33","modified_gmt":"2026-03-10T05:38:33","slug":"smalec-z-cebulka-sloik-200g","status":"publish","type":"product","link":"https:\/\/harasowka.pl\/sklep\/produkt\/smalec-z-cebulka-sloik-200g\/","title":{"rendered":"Smalec z cebulk\u0105 (s\u0142oik 200g)"},"content":{"rendered":"<p><strong>&#x1f362; Smalec z cebulk\u0105 (s\u0142oik 200g)<\/strong><\/p>\n<p>Domowy smalec wieprzowy z chrupi\u0105c\u0105, z\u0142ocist\u0105 cebulk\u0105 \u2014 klasyka polskiej kuchni, przygotowana tradycyjn\u0105 metod\u0105. Delikatnie doprawiony sol\u0105 i pieprzem, z wyra\u017anym aromatem sma\u017conej cebuli. G\u0142adka, rozpuszczaj\u0105ca si\u0119 w ustach konsystencja, idealna do smarowania na chlebie.<\/p>\n<p>&#x1f37d;&#xfe0f; <strong>Propozycja podania:<\/strong><br \/>\nNajlepiej smakuje na \u015bwie\u017cym, chrupi\u0105cym pieczywie \u2014 szczeg\u00f3lnie na razowym chlebie lub bagietce. Doskona\u0142y dodatek do \u017curku, barszczu czy ziemniak\u00f3w w mundurkach.<\/p>\n<p>&#x2744;&#xfe0f; <strong>Przechowywanie:<\/strong> od +1\u00b0C do +8\u00b0C<br \/>\nProdukt gotowy do spo\u017cycia \u2014 nie wymaga odgrzewania.<\/p>\n","protected":false},"excerpt":{"rendered":"<p>Domowy smalec z chrupi\u0105c\u0105 cebulk\u0105 \u2014 klasyka do pieczywa. S\u0142oik 200g.<\/p>\n","protected":false},"featured_media":1160,"template":"","meta":[],"product_cat":[41],"product_tag":[53],"class_list":{"0":"post-1159","1":"product","2":"type-product","3":"status-publish","4":"has-post-thumbnail","6":"product_cat-pasztety-i-smarowidla","7":"product_tag-tradycyjne","9":"first","10":"instock","11":"shipping-taxable","12":"purchasable","13":"product-type-simple"},"yoast_head":"<!-- This site is optimized with the Yoast SEO plugin v27.1.1 - https:\/\/yoast.com\/product\/yoast-seo-wordpress\/ -->\n<title>Smalec z cebulk\u0105 (s\u0142oik 200g) - Sklep Haras\u00f3wka<\/title>\n<meta name=\"robots\" content=\"index, follow, max-snippet:-1, max-image-preview:large, max-video-preview:-1\" \/>\n<link rel=\"canonical\" href=\"https:\/\/harasowka.pl\/sklep\/produkt\/smalec-z-cebulka-sloik-200g\/\" \/>\n<meta property=\"og:locale\" content=\"pl_PL\" \/>\n<meta property=\"og:type\" content=\"article\" \/>\n<meta property=\"og:title\" content=\"Smalec z cebulk\u0105 (s\u0142oik 200g) - Sklep Haras\u00f3wka\" \/>\n<meta property=\"og:description\" content=\"Domowy smalec z chrupi\u0105c\u0105 cebulk\u0105 \u2014 klasyka do pieczywa. S\u0142oik 200g.\" \/>\n<meta property=\"og:url\" content=\"https:\/\/harasowka.pl\/sklep\/produkt\/smalec-z-cebulka-sloik-200g\/\" \/>\n<meta property=\"og:site_name\" content=\"Sklep Haras\u00f3wka\" \/>\n<meta property=\"article:publisher\" content=\"https:\/\/www.facebook.com\/harasowka\/\" \/>\n<meta property=\"article:modified_time\" content=\"2026-03-10T05:38:33+00:00\" \/>\n<meta property=\"og:image\" content=\"https:\/\/harasowka.pl\/sklep\/wp-content\/uploads\/2024\/11\/smalec-ze-skwarkami-cebulka-i-jablkiem-399432.jpg\" \/>\n\t<meta property=\"og:image:width\" content=\"620\" \/>\n\t<meta property=\"og:image:height\" content=\"465\" \/>\n\t<meta property=\"og:image:type\" content=\"image\/jpeg\" \/>\n<meta name=\"twitter:card\" content=\"summary_large_image\" \/>\n<script type=\"application\/ld+json\" class=\"yoast-schema-graph\">{\"@context\":\"https:\/\/schema.org\",\"@graph\":[{\"@type\":\"WebPage\",\"@id\":\"https:\/\/harasowka.pl\/sklep\/produkt\/smalec-z-cebulka-sloik-200g\/\",\"url\":\"https:\/\/harasowka.pl\/sklep\/produkt\/smalec-z-cebulka-sloik-200g\/\",\"name\":\"Smalec z cebulk\u0105 (s\u0142oik 200g) - Sklep Haras\u00f3wka\",\"isPartOf\":{\"@id\":\"https:\/\/harasowka.pl\/sklep\/#website\"},\"primaryImageOfPage\":{\"@id\":\"https:\/\/harasowka.pl\/sklep\/produkt\/smalec-z-cebulka-sloik-200g\/#primaryimage\"},\"image\":{\"@id\":\"https:\/\/harasowka.pl\/sklep\/produkt\/smalec-z-cebulka-sloik-200g\/#primaryimage\"},\"thumbnailUrl\":\"https:\/\/harasowka.pl\/sklep\/wp-content\/uploads\/2024\/11\/smalec-ze-skwarkami-cebulka-i-jablkiem-399432.jpg\",\"datePublished\":\"2024-11-06T12:32:59+00:00\",\"dateModified\":\"2026-03-10T05:38:33+00:00\",\"breadcrumb\":{\"@id\":\"https:\/\/harasowka.pl\/sklep\/produkt\/smalec-z-cebulka-sloik-200g\/#breadcrumb\"},\"inLanguage\":\"pl-PL\",\"potentialAction\":[{\"@type\":\"ReadAction\",\"target\":[\"https:\/\/harasowka.pl\/sklep\/produkt\/smalec-z-cebulka-sloik-200g\/\"]}]},{\"@type\":\"ImageObject\",\"inLanguage\":\"pl-PL\",\"@id\":\"https:\/\/harasowka.pl\/sklep\/produkt\/smalec-z-cebulka-sloik-200g\/#primaryimage\",\"url\":\"https:\/\/harasowka.pl\/sklep\/wp-content\/uploads\/2024\/11\/smalec-ze-skwarkami-cebulka-i-jablkiem-399432.jpg\",\"contentUrl\":\"https:\/\/harasowka.pl\/sklep\/wp-content\/uploads\/2024\/11\/smalec-ze-skwarkami-cebulka-i-jablkiem-399432.jpg\",\"width\":620,\"height\":465,\"caption\":\"Smalec z cebulk\u0105 (s\u0142oik 200g)\"},{\"@type\":\"BreadcrumbList\",\"@id\":\"https:\/\/harasowka.pl\/sklep\/produkt\/smalec-z-cebulka-sloik-200g\/#breadcrumb\",\"itemListElement\":[{\"@type\":\"ListItem\",\"position\":1,\"name\":\"Strona g\u0142\u00f3wna\",\"item\":\"https:\/\/harasowka.pl\/sklep\/\"},{\"@type\":\"ListItem\",\"position\":2,\"name\":\"Shop\",\"item\":\"https:\/\/harasowka.pl\/sklep\/shop\/\"},{\"@type\":\"ListItem\",\"position\":3,\"name\":\"Smalec z cebulk\u0105 (s\u0142oik 200g)\"}]},{\"@type\":\"WebSite\",\"@id\":\"https:\/\/harasowka.pl\/sklep\/#website\",\"url\":\"https:\/\/harasowka.pl\/sklep\/\",\"name\":\"Sklep Haras\u00f3wka\",\"description\":\"Kuchnia - Tradycja - Zdrowie\",\"potentialAction\":[{\"@type\":\"SearchAction\",\"target\":{\"@type\":\"EntryPoint\",\"urlTemplate\":\"https:\/\/harasowka.pl\/sklep\/?s={search_term_string}\"},\"query-input\":{\"@type\":\"PropertyValueSpecification\",\"valueRequired\":true,\"valueName\":\"search_term_string\"}}],\"inLanguage\":\"pl-PL\"}]}<\/script>\n<!-- \/ Yoast SEO plugin. -->","yoast_head_json":{"title":"Smalec z cebulk\u0105 (s\u0142oik 200g) - Sklep Haras\u00f3wka","robots":{"index":"index","follow":"follow","max-snippet":"max-snippet:-1","max-image-preview":"max-image-preview:large","max-video-preview":"max-video-preview:-1"},"canonical":"https:\/\/harasowka.pl\/sklep\/produkt\/smalec-z-cebulka-sloik-200g\/","og_locale":"pl_PL","og_type":"article","og_title":"Smalec z cebulk\u0105 (s\u0142oik 200g) - Sklep Haras\u00f3wka","og_description":"Domowy smalec z chrupi\u0105c\u0105 cebulk\u0105 \u2014 klasyka do pieczywa. S\u0142oik 200g.","og_url":"https:\/\/harasowka.pl\/sklep\/produkt\/smalec-z-cebulka-sloik-200g\/","og_site_name":"Sklep Haras\u00f3wka","article_publisher":"https:\/\/www.facebook.com\/harasowka\/","article_modified_time":"2026-03-10T05:38:33+00:00","og_image":[{"width":620,"height":465,"url":"https:\/\/harasowka.pl\/sklep\/wp-content\/uploads\/2024\/11\/smalec-ze-skwarkami-cebulka-i-jablkiem-399432.jpg","type":"image\/jpeg"}],"twitter_card":"summary_large_image","schema":{"@context":"https:\/\/schema.org","@graph":[{"@type":"WebPage","@id":"https:\/\/harasowka.pl\/sklep\/produkt\/smalec-z-cebulka-sloik-200g\/","url":"https:\/\/harasowka.pl\/sklep\/produkt\/smalec-z-cebulka-sloik-200g\/","name":"Smalec z cebulk\u0105 (s\u0142oik 200g) - Sklep Haras\u00f3wka","isPartOf":{"@id":"https:\/\/harasowka.pl\/sklep\/#website"},"primaryImageOfPage":{"@id":"https:\/\/harasowka.pl\/sklep\/produkt\/smalec-z-cebulka-sloik-200g\/#primaryimage"},"image":{"@id":"https:\/\/harasowka.pl\/sklep\/produkt\/smalec-z-cebulka-sloik-200g\/#primaryimage"},"thumbnailUrl":"https:\/\/harasowka.pl\/sklep\/wp-content\/uploads\/2024\/11\/smalec-ze-skwarkami-cebulka-i-jablkiem-399432.jpg","datePublished":"2024-11-06T12:32:59+00:00","dateModified":"2026-03-10T05:38:33+00:00","breadcrumb":{"@id":"https:\/\/harasowka.pl\/sklep\/produkt\/smalec-z-cebulka-sloik-200g\/#breadcrumb"},"inLanguage":"pl-PL","potentialAction":[{"@type":"ReadAction","target":["https:\/\/harasowka.pl\/sklep\/produkt\/smalec-z-cebulka-sloik-200g\/"]}]},{"@type":"ImageObject","inLanguage":"pl-PL","@id":"https:\/\/harasowka.pl\/sklep\/produkt\/smalec-z-cebulka-sloik-200g\/#primaryimage","url":"https:\/\/harasowka.pl\/sklep\/wp-content\/uploads\/2024\/11\/smalec-ze-skwarkami-cebulka-i-jablkiem-399432.jpg","contentUrl":"https:\/\/harasowka.pl\/sklep\/wp-content\/uploads\/2024\/11\/smalec-ze-skwarkami-cebulka-i-jablkiem-399432.jpg","width":620,"height":465,"caption":"Smalec z cebulk\u0105 (s\u0142oik 200g)"},{"@type":"BreadcrumbList","@id":"https:\/\/harasowka.pl\/sklep\/produkt\/smalec-z-cebulka-sloik-200g\/#breadcrumb","itemListElement":[{"@type":"ListItem","position":1,"name":"Strona g\u0142\u00f3wna","item":"https:\/\/harasowka.pl\/sklep\/"},{"@type":"ListItem","position":2,"name":"Shop","item":"https:\/\/harasowka.pl\/sklep\/shop\/"},{"@type":"ListItem","position":3,"name":"Smalec z cebulk\u0105 (s\u0142oik 200g)"}]},{"@type":"WebSite","@id":"https:\/\/harasowka.pl\/sklep\/#website","url":"https:\/\/harasowka.pl\/sklep\/","name":"Sklep Haras\u00f3wka","description":"Kuchnia - Tradycja - Zdrowie","potentialAction":[{"@type":"SearchAction","target":{"@type":"EntryPoint","urlTemplate":"https:\/\/harasowka.pl\/sklep\/?s={search_term_string}"},"query-input":{"@type":"PropertyValueSpecification","valueRequired":true,"valueName":"search_term_string"}}],"inLanguage":"pl-PL"}]}},"jetpack_sharing_enabled":true,"_links":{"self":[{"href":"https:\/\/harasowka.pl\/sklep\/wp-json\/wp\/v2\/product\/1159","targetHints":{"allow":["GET"]}}],"collection":[{"href":"https:\/\/harasowka.pl\/sklep\/wp-json\/wp\/v2\/product"}],"about":[{"href":"https:\/\/harasowka.pl\/sklep\/wp-json\/wp\/v2\/types\/product"}],"version-history":[{"count":3,"href":"https:\/\/harasowka.pl\/sklep\/wp-json\/wp\/v2\/product\/1159\/revisions"}],"predecessor-version":[{"id":1706,"href":"https:\/\/harasowka.pl\/sklep\/wp-json\/wp\/v2\/product\/1159\/revisions\/1706"}],"wp:featuredmedia":[{"embeddable":true,"href":"https:\/\/harasowka.pl\/sklep\/wp-json\/wp\/v2\/media\/1160"}],"wp:attachment":[{"href":"https:\/\/harasowka.pl\/sklep\/wp-json\/wp\/v2\/media?parent=1159"}],"wp:term":[{"taxonomy":"product_cat","embeddable":true,"href":"https:\/\/harasowka.pl\/sklep\/wp-json\/wp\/v2\/product_cat?post=1159"},{"taxonomy":"product_tag","embeddable":true,"href":"https:\/\/harasowka.pl\/sklep\/wp-json\/wp\/v2\/product_tag?post=1159"}],"curies":[{"name":"wp","href":"https:\/\/api.w.org\/{rel}","templated":true}]}}