{"id":1345,"date":"2025-04-27T10:38:43","date_gmt":"2025-04-27T08:38:43","guid":{"rendered":"https:\/\/harasowka.pl\/sklep\/?post_type=product&#038;p=1345"},"modified":"2026-03-09T17:08:04","modified_gmt":"2026-03-09T16:08:04","slug":"burger-z-kotlecikiem-drobiowym-z-sosem-chilli-3szt","status":"publish","type":"product","link":"https:\/\/harasowka.pl\/sklep\/produkt\/burger-z-kotlecikiem-drobiowym-z-sosem-chilli-3szt\/","title":{"rendered":"Burger z kotlecikiem drobiowym z sosem chilli (3szt)"},"content":{"rendered":"<p><strong>&#x1f356; Burger z kotlecikiem drobiowym z sosem chilli (3szt)<\/strong><\/p>\n<p>Mini burgery z chrupi\u0105cym kotlecikiem drobiowym, \u015bwie\u017cymi warzywami i wyrazistym sosem chilli. Po\u0142\u0105czenie soczystego mi\u0119sa, chrupi\u0105cej sa\u0142aty i pikantnego sosu tworzy harmonijn\u0105 i pe\u0142n\u0105 smaku kompozycj\u0119. Bu\u0142eczki pszenne w\u0142asnego wypieku. Idealna propozycja na przyj\u0119cia i spotkania w gronie znajomych.<\/p>\n<p>&#x1f37d;&#xfe0f; <strong>Propozycja podania:<\/strong><br \/>\nGotowe do podania jako przek\u0105ska na bufecie lub jako lekki posi\u0142ek. Mo\u017cna uzupe\u0142ni\u0107 o frytki lub sa\u0142atk\u0119.<\/p>\n<p>&#x2744;&#xfe0f; <strong>Przechowywanie:<\/strong> od +1\u00b0C do +8\u00b0C<br \/>\nProdukt gotowy do spo\u017cycia \u2014 nie wymaga odgrzewania.<\/p>\n","protected":false},"excerpt":{"rendered":"<p>Mini burgery z chrupi\u0105cym kotlecikiem drobiowym, warzywami i sosem chilli. 3 sztuki.<\/p>\n","protected":false},"featured_media":1346,"template":"","meta":[],"product_cat":[60,44,58],"product_tag":[],"class_list":{"0":"post-1345","1":"product","2":"type-product","3":"status-publish","4":"has-post-thumbnail","6":"product_cat-catering-zakaski","7":"product_cat-boze-narodzenie","8":"product_cat-catering","10":"first","11":"instock","12":"shipping-taxable","13":"purchasable","14":"product-type-simple"},"yoast_head":"<!-- This site is optimized with the Yoast SEO plugin v27.1.1 - https:\/\/yoast.com\/product\/yoast-seo-wordpress\/ -->\n<title>Burger z kotlecikiem drobiowym z sosem chilli (3szt) - Sklep Haras\u00f3wka<\/title>\n<meta name=\"robots\" content=\"index, follow, max-snippet:-1, max-image-preview:large, max-video-preview:-1\" \/>\n<link rel=\"canonical\" href=\"https:\/\/harasowka.pl\/sklep\/?post_type=product&p=1345\" \/>\n<meta property=\"og:locale\" content=\"pl_PL\" \/>\n<meta property=\"og:type\" content=\"article\" \/>\n<meta property=\"og:title\" content=\"Burger z kotlecikiem drobiowym z sosem chilli (3szt) - Sklep Haras\u00f3wka\" \/>\n<meta property=\"og:description\" content=\"Mini burgery z chrupi\u0105cym kotlecikiem drobiowym, warzywami i sosem chilli. 3 sztuki.\" \/>\n<meta property=\"og:url\" content=\"https:\/\/harasowka.pl\/sklep\/?post_type=product&amp;p=1345\" \/>\n<meta property=\"og:site_name\" content=\"Sklep Haras\u00f3wka\" \/>\n<meta property=\"article:publisher\" content=\"https:\/\/www.facebook.com\/harasowka\/\" \/>\n<meta property=\"article:modified_time\" content=\"2026-03-09T16:08:04+00:00\" \/>\n<meta property=\"og:image\" content=\"https:\/\/harasowka.pl\/sklep\/wp-content\/uploads\/2025\/04\/GMraIMa7.jpg\" \/>\n\t<meta property=\"og:image:width\" content=\"2048\" \/>\n\t<meta property=\"og:image:height\" content=\"1153\" \/>\n\t<meta property=\"og:image:type\" content=\"image\/jpeg\" \/>\n<meta name=\"twitter:card\" content=\"summary_large_image\" \/>\n<meta name=\"twitter:label1\" content=\"Szacowany czas czytania\" \/>\n\t<meta name=\"twitter:data1\" content=\"1 minuta\" \/>\n<script type=\"application\/ld+json\" class=\"yoast-schema-graph\">{\"@context\":\"https:\/\/schema.org\",\"@graph\":[{\"@type\":\"WebPage\",\"@id\":\"https:\/\/harasowka.pl\/sklep\/?post_type=product&p=1345\",\"url\":\"https:\/\/harasowka.pl\/sklep\/?post_type=product&p=1345\",\"name\":\"Burger z kotlecikiem drobiowym z sosem chilli (3szt) - Sklep Haras\u00f3wka\",\"isPartOf\":{\"@id\":\"https:\/\/harasowka.pl\/sklep\/#website\"},\"primaryImageOfPage\":{\"@id\":\"https:\/\/harasowka.pl\/sklep\/?post_type=product&p=1345#primaryimage\"},\"image\":{\"@id\":\"https:\/\/harasowka.pl\/sklep\/?post_type=product&p=1345#primaryimage\"},\"thumbnailUrl\":\"https:\/\/harasowka.pl\/sklep\/wp-content\/uploads\/2025\/04\/GMraIMa7.jpg\",\"datePublished\":\"2025-04-27T08:38:43+00:00\",\"dateModified\":\"2026-03-09T16:08:04+00:00\",\"breadcrumb\":{\"@id\":\"https:\/\/harasowka.pl\/sklep\/?post_type=product&p=1345#breadcrumb\"},\"inLanguage\":\"pl-PL\",\"potentialAction\":[{\"@type\":\"ReadAction\",\"target\":[\"https:\/\/harasowka.pl\/sklep\/?post_type=product&p=1345\"]}]},{\"@type\":\"ImageObject\",\"inLanguage\":\"pl-PL\",\"@id\":\"https:\/\/harasowka.pl\/sklep\/?post_type=product&p=1345#primaryimage\",\"url\":\"https:\/\/harasowka.pl\/sklep\/wp-content\/uploads\/2025\/04\/GMraIMa7.jpg\",\"contentUrl\":\"https:\/\/harasowka.pl\/sklep\/wp-content\/uploads\/2025\/04\/GMraIMa7.jpg\",\"width\":2048,\"height\":1153,\"caption\":\"Burger z kotlecikiem drobiowym z sosem chilli (3szt)\"},{\"@type\":\"BreadcrumbList\",\"@id\":\"https:\/\/harasowka.pl\/sklep\/?post_type=product&p=1345#breadcrumb\",\"itemListElement\":[{\"@type\":\"ListItem\",\"position\":1,\"name\":\"Strona g\u0142\u00f3wna\",\"item\":\"https:\/\/harasowka.pl\/sklep\/\"},{\"@type\":\"ListItem\",\"position\":2,\"name\":\"Shop\",\"item\":\"https:\/\/harasowka.pl\/sklep\/shop\/\"},{\"@type\":\"ListItem\",\"position\":3,\"name\":\"Burger z kotlecikiem drobiowym z sosem chilli (3szt)\"}]},{\"@type\":\"WebSite\",\"@id\":\"https:\/\/harasowka.pl\/sklep\/#website\",\"url\":\"https:\/\/harasowka.pl\/sklep\/\",\"name\":\"Sklep Haras\u00f3wka\",\"description\":\"Kuchnia - Tradycja - Zdrowie\",\"potentialAction\":[{\"@type\":\"SearchAction\",\"target\":{\"@type\":\"EntryPoint\",\"urlTemplate\":\"https:\/\/harasowka.pl\/sklep\/?s={search_term_string}\"},\"query-input\":{\"@type\":\"PropertyValueSpecification\",\"valueRequired\":true,\"valueName\":\"search_term_string\"}}],\"inLanguage\":\"pl-PL\"}]}<\/script>\n<!-- \/ Yoast SEO plugin. -->","yoast_head_json":{"title":"Burger z kotlecikiem drobiowym z sosem chilli (3szt) - Sklep Haras\u00f3wka","robots":{"index":"index","follow":"follow","max-snippet":"max-snippet:-1","max-image-preview":"max-image-preview:large","max-video-preview":"max-video-preview:-1"},"canonical":"https:\/\/harasowka.pl\/sklep\/?post_type=product&p=1345","og_locale":"pl_PL","og_type":"article","og_title":"Burger z kotlecikiem drobiowym z sosem chilli (3szt) - Sklep Haras\u00f3wka","og_description":"Mini burgery z chrupi\u0105cym kotlecikiem drobiowym, warzywami i sosem chilli. 3 sztuki.","og_url":"https:\/\/harasowka.pl\/sklep\/?post_type=product&p=1345","og_site_name":"Sklep Haras\u00f3wka","article_publisher":"https:\/\/www.facebook.com\/harasowka\/","article_modified_time":"2026-03-09T16:08:04+00:00","og_image":[{"width":2048,"height":1153,"url":"https:\/\/harasowka.pl\/sklep\/wp-content\/uploads\/2025\/04\/GMraIMa7.jpg","type":"image\/jpeg"}],"twitter_card":"summary_large_image","twitter_misc":{"Szacowany czas czytania":"1 minuta"},"schema":{"@context":"https:\/\/schema.org","@graph":[{"@type":"WebPage","@id":"https:\/\/harasowka.pl\/sklep\/?post_type=product&p=1345","url":"https:\/\/harasowka.pl\/sklep\/?post_type=product&p=1345","name":"Burger z kotlecikiem drobiowym z sosem chilli (3szt) - Sklep Haras\u00f3wka","isPartOf":{"@id":"https:\/\/harasowka.pl\/sklep\/#website"},"primaryImageOfPage":{"@id":"https:\/\/harasowka.pl\/sklep\/?post_type=product&p=1345#primaryimage"},"image":{"@id":"https:\/\/harasowka.pl\/sklep\/?post_type=product&p=1345#primaryimage"},"thumbnailUrl":"https:\/\/harasowka.pl\/sklep\/wp-content\/uploads\/2025\/04\/GMraIMa7.jpg","datePublished":"2025-04-27T08:38:43+00:00","dateModified":"2026-03-09T16:08:04+00:00","breadcrumb":{"@id":"https:\/\/harasowka.pl\/sklep\/?post_type=product&p=1345#breadcrumb"},"inLanguage":"pl-PL","potentialAction":[{"@type":"ReadAction","target":["https:\/\/harasowka.pl\/sklep\/?post_type=product&p=1345"]}]},{"@type":"ImageObject","inLanguage":"pl-PL","@id":"https:\/\/harasowka.pl\/sklep\/?post_type=product&p=1345#primaryimage","url":"https:\/\/harasowka.pl\/sklep\/wp-content\/uploads\/2025\/04\/GMraIMa7.jpg","contentUrl":"https:\/\/harasowka.pl\/sklep\/wp-content\/uploads\/2025\/04\/GMraIMa7.jpg","width":2048,"height":1153,"caption":"Burger z kotlecikiem drobiowym z sosem chilli (3szt)"},{"@type":"BreadcrumbList","@id":"https:\/\/harasowka.pl\/sklep\/?post_type=product&p=1345#breadcrumb","itemListElement":[{"@type":"ListItem","position":1,"name":"Strona g\u0142\u00f3wna","item":"https:\/\/harasowka.pl\/sklep\/"},{"@type":"ListItem","position":2,"name":"Shop","item":"https:\/\/harasowka.pl\/sklep\/shop\/"},{"@type":"ListItem","position":3,"name":"Burger z kotlecikiem drobiowym z sosem chilli (3szt)"}]},{"@type":"WebSite","@id":"https:\/\/harasowka.pl\/sklep\/#website","url":"https:\/\/harasowka.pl\/sklep\/","name":"Sklep Haras\u00f3wka","description":"Kuchnia - Tradycja - Zdrowie","potentialAction":[{"@type":"SearchAction","target":{"@type":"EntryPoint","urlTemplate":"https:\/\/harasowka.pl\/sklep\/?s={search_term_string}"},"query-input":{"@type":"PropertyValueSpecification","valueRequired":true,"valueName":"search_term_string"}}],"inLanguage":"pl-PL"}]}},"jetpack_sharing_enabled":true,"_links":{"self":[{"href":"https:\/\/harasowka.pl\/sklep\/wp-json\/wp\/v2\/product\/1345","targetHints":{"allow":["GET"]}}],"collection":[{"href":"https:\/\/harasowka.pl\/sklep\/wp-json\/wp\/v2\/product"}],"about":[{"href":"https:\/\/harasowka.pl\/sklep\/wp-json\/wp\/v2\/types\/product"}],"version-history":[{"count":1,"href":"https:\/\/harasowka.pl\/sklep\/wp-json\/wp\/v2\/product\/1345\/revisions"}],"predecessor-version":[{"id":1347,"href":"https:\/\/harasowka.pl\/sklep\/wp-json\/wp\/v2\/product\/1345\/revisions\/1347"}],"wp:featuredmedia":[{"embeddable":true,"href":"https:\/\/harasowka.pl\/sklep\/wp-json\/wp\/v2\/media\/1346"}],"wp:attachment":[{"href":"https:\/\/harasowka.pl\/sklep\/wp-json\/wp\/v2\/media?parent=1345"}],"wp:term":[{"taxonomy":"product_cat","embeddable":true,"href":"https:\/\/harasowka.pl\/sklep\/wp-json\/wp\/v2\/product_cat?post=1345"},{"taxonomy":"product_tag","embeddable":true,"href":"https:\/\/harasowka.pl\/sklep\/wp-json\/wp\/v2\/product_tag?post=1345"}],"curies":[{"name":"wp","href":"https:\/\/api.w.org\/{rel}","templated":true}]}}