{"id":1355,"date":"2025-04-27T10:55:34","date_gmt":"2025-04-27T08:55:34","guid":{"rendered":"https:\/\/harasowka.pl\/sklep\/?post_type=product&#038;p=1355"},"modified":"2026-03-10T11:23:10","modified_gmt":"2026-03-10T10:23:10","slug":"tatar-z-dodatkami-6szt","status":"publish","type":"product","link":"https:\/\/harasowka.pl\/sklep\/produkt\/tatar-z-dodatkami-6szt\/","title":{"rendered":"Tatar z dodatkami (6szt)"},"content":{"rendered":"<p><strong>&#x1f969; Tatar z dodatkami (6szt)<\/strong><\/p>\n<p>Klasyczny tatar wo\u0142owy z najwy\u017cszej jako\u015bci mi\u0119sa, starannie rozdrobniony i podany z tradycyjnymi dodatkami: cebul\u0105 bia\u0142\u0105 i czerwon\u0105 oraz og\u00f3rkiem kiszonym. Wyrazista, elegancka przek\u0105ska idealna na zimne bufety i przyj\u0119cia. Porcja zawiera 6 sztuk.<\/p>\n<p>&#x1f37d;&#xfe0f; <strong>Propozycja podania:<\/strong><br \/>\nNa grzankach lub jako samodzielna przystawka. Mo\u017cna uzupe\u0142ni\u0107 o \u017c\u00f3\u0142tko, kapary lub oliwki.<\/p>\n<p>&#x2744;&#xfe0f; <strong>Przechowywanie:<\/strong> od 0\u00b0C do +2\u00b0C<br \/>\nTermin przydatno\u015bci: 24h od daty produkcji. Produkt gotowy do spo\u017cycia na zimno.<\/p>\n","protected":false},"excerpt":{"rendered":"<p>Klasyczny tatar wo\u0142owy z najwy\u017cszej jako\u015bci mi\u0119sa z tradycyjnymi dodatkami. 6 sztuk.<\/p>\n","protected":false},"featured_media":1356,"template":"","meta":[],"product_cat":[60,44,58],"product_tag":[48,54],"class_list":{"0":"post-1355","1":"product","2":"type-product","3":"status-publish","4":"has-post-thumbnail","6":"product_cat-catering-zakaski","7":"product_cat-boze-narodzenie","8":"product_cat-catering","9":"product_tag-na-zimno","10":"product_tag-premium","12":"first","13":"instock","14":"shipping-taxable","15":"purchasable","16":"product-type-simple"},"yoast_head":"<!-- This site is optimized with the Yoast SEO plugin v27.1.1 - https:\/\/yoast.com\/product\/yoast-seo-wordpress\/ -->\n<title>Tatar z dodatkami (6szt) - Sklep Haras\u00f3wka<\/title>\n<meta name=\"robots\" content=\"index, follow, max-snippet:-1, max-image-preview:large, max-video-preview:-1\" \/>\n<link rel=\"canonical\" href=\"https:\/\/harasowka.pl\/sklep\/produkt\/tatar-z-dodatkami-6szt\/\" \/>\n<meta property=\"og:locale\" content=\"pl_PL\" \/>\n<meta property=\"og:type\" content=\"article\" \/>\n<meta property=\"og:title\" content=\"Tatar z dodatkami (6szt) - Sklep Haras\u00f3wka\" \/>\n<meta property=\"og:description\" content=\"Klasyczny tatar wo\u0142owy z najwy\u017cszej jako\u015bci mi\u0119sa z tradycyjnymi dodatkami. 6 sztuk.\" \/>\n<meta property=\"og:url\" content=\"https:\/\/harasowka.pl\/sklep\/produkt\/tatar-z-dodatkami-6szt\/\" \/>\n<meta property=\"og:site_name\" content=\"Sklep Haras\u00f3wka\" \/>\n<meta property=\"article:publisher\" content=\"https:\/\/www.facebook.com\/harasowka\/\" \/>\n<meta property=\"article:modified_time\" content=\"2026-03-10T10:23:10+00:00\" \/>\n<meta property=\"og:image\" content=\"https:\/\/harasowka.pl\/sklep\/wp-content\/uploads\/2025\/04\/IMG_4343-scaled.jpg\" \/>\n\t<meta property=\"og:image:width\" content=\"1707\" \/>\n\t<meta property=\"og:image:height\" content=\"2560\" \/>\n\t<meta property=\"og:image:type\" content=\"image\/jpeg\" \/>\n<meta name=\"twitter:card\" content=\"summary_large_image\" \/>\n<script type=\"application\/ld+json\" class=\"yoast-schema-graph\">{\"@context\":\"https:\/\/schema.org\",\"@graph\":[{\"@type\":\"WebPage\",\"@id\":\"https:\/\/harasowka.pl\/sklep\/produkt\/tatar-z-dodatkami-6szt\/\",\"url\":\"https:\/\/harasowka.pl\/sklep\/produkt\/tatar-z-dodatkami-6szt\/\",\"name\":\"Tatar z dodatkami (6szt) - Sklep Haras\u00f3wka\",\"isPartOf\":{\"@id\":\"https:\/\/harasowka.pl\/sklep\/#website\"},\"primaryImageOfPage\":{\"@id\":\"https:\/\/harasowka.pl\/sklep\/produkt\/tatar-z-dodatkami-6szt\/#primaryimage\"},\"image\":{\"@id\":\"https:\/\/harasowka.pl\/sklep\/produkt\/tatar-z-dodatkami-6szt\/#primaryimage\"},\"thumbnailUrl\":\"https:\/\/harasowka.pl\/sklep\/wp-content\/uploads\/2025\/04\/IMG_4343-scaled.jpg\",\"datePublished\":\"2025-04-27T08:55:34+00:00\",\"dateModified\":\"2026-03-10T10:23:10+00:00\",\"breadcrumb\":{\"@id\":\"https:\/\/harasowka.pl\/sklep\/produkt\/tatar-z-dodatkami-6szt\/#breadcrumb\"},\"inLanguage\":\"pl-PL\",\"potentialAction\":[{\"@type\":\"ReadAction\",\"target\":[\"https:\/\/harasowka.pl\/sklep\/produkt\/tatar-z-dodatkami-6szt\/\"]}]},{\"@type\":\"ImageObject\",\"inLanguage\":\"pl-PL\",\"@id\":\"https:\/\/harasowka.pl\/sklep\/produkt\/tatar-z-dodatkami-6szt\/#primaryimage\",\"url\":\"https:\/\/harasowka.pl\/sklep\/wp-content\/uploads\/2025\/04\/IMG_4343-scaled.jpg\",\"contentUrl\":\"https:\/\/harasowka.pl\/sklep\/wp-content\/uploads\/2025\/04\/IMG_4343-scaled.jpg\",\"width\":1707,\"height\":2560,\"caption\":\"Tatar z dodatkami (6szt)\"},{\"@type\":\"BreadcrumbList\",\"@id\":\"https:\/\/harasowka.pl\/sklep\/produkt\/tatar-z-dodatkami-6szt\/#breadcrumb\",\"itemListElement\":[{\"@type\":\"ListItem\",\"position\":1,\"name\":\"Strona g\u0142\u00f3wna\",\"item\":\"https:\/\/harasowka.pl\/sklep\/\"},{\"@type\":\"ListItem\",\"position\":2,\"name\":\"Shop\",\"item\":\"https:\/\/harasowka.pl\/sklep\/shop\/\"},{\"@type\":\"ListItem\",\"position\":3,\"name\":\"Tatar z dodatkami (6szt)\"}]},{\"@type\":\"WebSite\",\"@id\":\"https:\/\/harasowka.pl\/sklep\/#website\",\"url\":\"https:\/\/harasowka.pl\/sklep\/\",\"name\":\"Sklep Haras\u00f3wka\",\"description\":\"Kuchnia - Tradycja - Zdrowie\",\"potentialAction\":[{\"@type\":\"SearchAction\",\"target\":{\"@type\":\"EntryPoint\",\"urlTemplate\":\"https:\/\/harasowka.pl\/sklep\/?s={search_term_string}\"},\"query-input\":{\"@type\":\"PropertyValueSpecification\",\"valueRequired\":true,\"valueName\":\"search_term_string\"}}],\"inLanguage\":\"pl-PL\"}]}<\/script>\n<!-- \/ Yoast SEO plugin. -->","yoast_head_json":{"title":"Tatar z dodatkami (6szt) - Sklep Haras\u00f3wka","robots":{"index":"index","follow":"follow","max-snippet":"max-snippet:-1","max-image-preview":"max-image-preview:large","max-video-preview":"max-video-preview:-1"},"canonical":"https:\/\/harasowka.pl\/sklep\/produkt\/tatar-z-dodatkami-6szt\/","og_locale":"pl_PL","og_type":"article","og_title":"Tatar z dodatkami (6szt) - Sklep Haras\u00f3wka","og_description":"Klasyczny tatar wo\u0142owy z najwy\u017cszej jako\u015bci mi\u0119sa z tradycyjnymi dodatkami. 6 sztuk.","og_url":"https:\/\/harasowka.pl\/sklep\/produkt\/tatar-z-dodatkami-6szt\/","og_site_name":"Sklep Haras\u00f3wka","article_publisher":"https:\/\/www.facebook.com\/harasowka\/","article_modified_time":"2026-03-10T10:23:10+00:00","og_image":[{"width":1707,"height":2560,"url":"https:\/\/harasowka.pl\/sklep\/wp-content\/uploads\/2025\/04\/IMG_4343-scaled.jpg","type":"image\/jpeg"}],"twitter_card":"summary_large_image","schema":{"@context":"https:\/\/schema.org","@graph":[{"@type":"WebPage","@id":"https:\/\/harasowka.pl\/sklep\/produkt\/tatar-z-dodatkami-6szt\/","url":"https:\/\/harasowka.pl\/sklep\/produkt\/tatar-z-dodatkami-6szt\/","name":"Tatar z dodatkami (6szt) - Sklep Haras\u00f3wka","isPartOf":{"@id":"https:\/\/harasowka.pl\/sklep\/#website"},"primaryImageOfPage":{"@id":"https:\/\/harasowka.pl\/sklep\/produkt\/tatar-z-dodatkami-6szt\/#primaryimage"},"image":{"@id":"https:\/\/harasowka.pl\/sklep\/produkt\/tatar-z-dodatkami-6szt\/#primaryimage"},"thumbnailUrl":"https:\/\/harasowka.pl\/sklep\/wp-content\/uploads\/2025\/04\/IMG_4343-scaled.jpg","datePublished":"2025-04-27T08:55:34+00:00","dateModified":"2026-03-10T10:23:10+00:00","breadcrumb":{"@id":"https:\/\/harasowka.pl\/sklep\/produkt\/tatar-z-dodatkami-6szt\/#breadcrumb"},"inLanguage":"pl-PL","potentialAction":[{"@type":"ReadAction","target":["https:\/\/harasowka.pl\/sklep\/produkt\/tatar-z-dodatkami-6szt\/"]}]},{"@type":"ImageObject","inLanguage":"pl-PL","@id":"https:\/\/harasowka.pl\/sklep\/produkt\/tatar-z-dodatkami-6szt\/#primaryimage","url":"https:\/\/harasowka.pl\/sklep\/wp-content\/uploads\/2025\/04\/IMG_4343-scaled.jpg","contentUrl":"https:\/\/harasowka.pl\/sklep\/wp-content\/uploads\/2025\/04\/IMG_4343-scaled.jpg","width":1707,"height":2560,"caption":"Tatar z dodatkami (6szt)"},{"@type":"BreadcrumbList","@id":"https:\/\/harasowka.pl\/sklep\/produkt\/tatar-z-dodatkami-6szt\/#breadcrumb","itemListElement":[{"@type":"ListItem","position":1,"name":"Strona g\u0142\u00f3wna","item":"https:\/\/harasowka.pl\/sklep\/"},{"@type":"ListItem","position":2,"name":"Shop","item":"https:\/\/harasowka.pl\/sklep\/shop\/"},{"@type":"ListItem","position":3,"name":"Tatar z dodatkami (6szt)"}]},{"@type":"WebSite","@id":"https:\/\/harasowka.pl\/sklep\/#website","url":"https:\/\/harasowka.pl\/sklep\/","name":"Sklep Haras\u00f3wka","description":"Kuchnia - Tradycja - Zdrowie","potentialAction":[{"@type":"SearchAction","target":{"@type":"EntryPoint","urlTemplate":"https:\/\/harasowka.pl\/sklep\/?s={search_term_string}"},"query-input":{"@type":"PropertyValueSpecification","valueRequired":true,"valueName":"search_term_string"}}],"inLanguage":"pl-PL"}]}},"jetpack_sharing_enabled":true,"_links":{"self":[{"href":"https:\/\/harasowka.pl\/sklep\/wp-json\/wp\/v2\/product\/1355","targetHints":{"allow":["GET"]}}],"collection":[{"href":"https:\/\/harasowka.pl\/sklep\/wp-json\/wp\/v2\/product"}],"about":[{"href":"https:\/\/harasowka.pl\/sklep\/wp-json\/wp\/v2\/types\/product"}],"version-history":[{"count":6,"href":"https:\/\/harasowka.pl\/sklep\/wp-json\/wp\/v2\/product\/1355\/revisions"}],"predecessor-version":[{"id":1731,"href":"https:\/\/harasowka.pl\/sklep\/wp-json\/wp\/v2\/product\/1355\/revisions\/1731"}],"wp:featuredmedia":[{"embeddable":true,"href":"https:\/\/harasowka.pl\/sklep\/wp-json\/wp\/v2\/media\/1356"}],"wp:attachment":[{"href":"https:\/\/harasowka.pl\/sklep\/wp-json\/wp\/v2\/media?parent=1355"}],"wp:term":[{"taxonomy":"product_cat","embeddable":true,"href":"https:\/\/harasowka.pl\/sklep\/wp-json\/wp\/v2\/product_cat?post=1355"},{"taxonomy":"product_tag","embeddable":true,"href":"https:\/\/harasowka.pl\/sklep\/wp-json\/wp\/v2\/product_tag?post=1355"}],"curies":[{"name":"wp","href":"https:\/\/api.w.org\/{rel}","templated":true}]}}