{"id":1426,"date":"2025-12-02T08:55:37","date_gmt":"2025-12-02T07:55:37","guid":{"rendered":"https:\/\/harasowka.pl\/sklep\/?post_type=product&#038;p=1426"},"modified":"2026-03-10T16:49:12","modified_gmt":"2026-03-10T15:49:12","slug":"poledwiczka-wieprzowa-w-sosie-kurkowym-2szt-160g","status":"publish","type":"product","link":"https:\/\/harasowka.pl\/sklep\/produkt\/poledwiczka-wieprzowa-w-sosie-kurkowym-2szt-160g\/","title":{"rendered":"Pol\u0119dwiczka wieprzowa w sosie kurkowym (2szt.\/160g)"},"content":{"rendered":"<p><strong>&#x1f969; Pol\u0119dwiczka wieprzowa w sosie kurkowym (2szt.\/160g)<\/strong><\/p>\n<p>Delikatna pol\u0119dwiczka wieprzowa gotowana metod\u0105 sous vide, w aromatycznym sosie z polskimi kurkami. Soczyste, chude mi\u0119so z cz\u0119\u015bci grzbietowej wieprzowiny pozostaje mi\u0119kkie i kruche \u2014 danie w restauracyjnej jako\u015bci, gotowe w kilka minut.<\/p>\n<p>&#x1f37d;&#xfe0f; <strong>Propozycja podania:<\/strong><br \/>\n\u015awietnie komponuje si\u0119 z ziemniakami, kasz\u0105 gryczan\u0105 lub kluskami oraz ulubion\u0105 sur\u00f3wk\u0105. Sos kurkowy doskonale \u0142\u0105czy si\u0119 te\u017c z pieczywem.<\/p>\n<p>&#x1f525; <strong>Jak odgrza\u0107:<\/strong><br \/>\n<strong>Piekarnik:<\/strong> 180\u00b0C, 6\u201310 minut<br \/>\n<strong>Mikrofal\u00f3wka:<\/strong> 5 minut, moc 900W<br \/>\n<strong>Garnek:<\/strong> delikatnie podgrza\u0107 w sosie<\/p>\n<p>&#x2744;&#xfe0f; <strong>Przechowywanie:<\/strong> od +1\u00b0C do +8\u00b0C<br \/>\nNasze produkty cateringowe wydawane s\u0105 gotowe do spo\u017cycia \u2014 wystarczy je odgrza\u0107.<\/p>\n","protected":false},"excerpt":{"rendered":"<p>Delikatna pol\u0119dwiczka wieprzowa sous vide w \u015bmietanowym sosie z polskimi kurkami. 2szt.\/160g.<\/p>\n","protected":false},"featured_media":1427,"template":"","meta":[],"product_cat":[59,44,58],"product_tag":[49,54],"class_list":{"0":"post-1426","1":"product","2":"type-product","3":"status-publish","4":"has-post-thumbnail","6":"product_cat-catering-dania-glowne","7":"product_cat-boze-narodzenie","8":"product_cat-catering","9":"product_tag-na-cieplo","10":"product_tag-premium","12":"first","13":"instock","14":"shipping-taxable","15":"purchasable","16":"product-type-simple"},"yoast_head":"<!-- This site is optimized with the Yoast SEO plugin v27.1.1 - https:\/\/yoast.com\/product\/yoast-seo-wordpress\/ -->\n<title>Pol\u0119dwiczka wieprzowa w sosie kurkowym (2szt.\/160g) - Sklep Haras\u00f3wka<\/title>\n<meta name=\"robots\" content=\"index, follow, max-snippet:-1, max-image-preview:large, max-video-preview:-1\" \/>\n<link rel=\"canonical\" href=\"https:\/\/harasowka.pl\/sklep\/produkt\/poledwiczka-wieprzowa-w-sosie-kurkowym-2szt-160g\/\" \/>\n<meta property=\"og:locale\" content=\"pl_PL\" \/>\n<meta property=\"og:type\" content=\"article\" \/>\n<meta property=\"og:title\" content=\"Pol\u0119dwiczka wieprzowa w sosie kurkowym (2szt.\/160g) - Sklep Haras\u00f3wka\" \/>\n<meta property=\"og:description\" content=\"Delikatna pol\u0119dwiczka wieprzowa sous vide w \u015bmietanowym sosie z polskimi kurkami. 2szt.\/160g.\" \/>\n<meta property=\"og:url\" content=\"https:\/\/harasowka.pl\/sklep\/produkt\/poledwiczka-wieprzowa-w-sosie-kurkowym-2szt-160g\/\" \/>\n<meta property=\"og:site_name\" content=\"Sklep Haras\u00f3wka\" \/>\n<meta property=\"article:publisher\" content=\"https:\/\/www.facebook.com\/harasowka\/\" \/>\n<meta property=\"article:modified_time\" content=\"2026-03-10T15:49:12+00:00\" \/>\n<meta property=\"og:image\" content=\"https:\/\/harasowka.pl\/sklep\/wp-content\/uploads\/2025\/12\/poledwiczki-z-kurkami-00.jpg\" \/>\n\t<meta property=\"og:image:width\" content=\"1200\" \/>\n\t<meta property=\"og:image:height\" content=\"1200\" \/>\n\t<meta property=\"og:image:type\" content=\"image\/jpeg\" \/>\n<meta name=\"twitter:card\" content=\"summary_large_image\" \/>\n<meta name=\"twitter:label1\" content=\"Szacowany czas czytania\" \/>\n\t<meta name=\"twitter:data1\" content=\"1 minuta\" \/>\n<script type=\"application\/ld+json\" class=\"yoast-schema-graph\">{\"@context\":\"https:\/\/schema.org\",\"@graph\":[{\"@type\":\"WebPage\",\"@id\":\"https:\/\/harasowka.pl\/sklep\/produkt\/poledwiczka-wieprzowa-w-sosie-kurkowym-2szt-160g\/\",\"url\":\"https:\/\/harasowka.pl\/sklep\/produkt\/poledwiczka-wieprzowa-w-sosie-kurkowym-2szt-160g\/\",\"name\":\"Pol\u0119dwiczka wieprzowa w sosie kurkowym (2szt.\/160g) - Sklep Haras\u00f3wka\",\"isPartOf\":{\"@id\":\"https:\/\/harasowka.pl\/sklep\/#website\"},\"primaryImageOfPage\":{\"@id\":\"https:\/\/harasowka.pl\/sklep\/produkt\/poledwiczka-wieprzowa-w-sosie-kurkowym-2szt-160g\/#primaryimage\"},\"image\":{\"@id\":\"https:\/\/harasowka.pl\/sklep\/produkt\/poledwiczka-wieprzowa-w-sosie-kurkowym-2szt-160g\/#primaryimage\"},\"thumbnailUrl\":\"https:\/\/harasowka.pl\/sklep\/wp-content\/uploads\/2025\/12\/poledwiczki-z-kurkami-00.jpg\",\"datePublished\":\"2025-12-02T07:55:37+00:00\",\"dateModified\":\"2026-03-10T15:49:12+00:00\",\"breadcrumb\":{\"@id\":\"https:\/\/harasowka.pl\/sklep\/produkt\/poledwiczka-wieprzowa-w-sosie-kurkowym-2szt-160g\/#breadcrumb\"},\"inLanguage\":\"pl-PL\",\"potentialAction\":[{\"@type\":\"ReadAction\",\"target\":[\"https:\/\/harasowka.pl\/sklep\/produkt\/poledwiczka-wieprzowa-w-sosie-kurkowym-2szt-160g\/\"]}]},{\"@type\":\"ImageObject\",\"inLanguage\":\"pl-PL\",\"@id\":\"https:\/\/harasowka.pl\/sklep\/produkt\/poledwiczka-wieprzowa-w-sosie-kurkowym-2szt-160g\/#primaryimage\",\"url\":\"https:\/\/harasowka.pl\/sklep\/wp-content\/uploads\/2025\/12\/poledwiczki-z-kurkami-00.jpg\",\"contentUrl\":\"https:\/\/harasowka.pl\/sklep\/wp-content\/uploads\/2025\/12\/poledwiczki-z-kurkami-00.jpg\",\"width\":1200,\"height\":1200,\"caption\":\"Pol\u0119dwiczka wieprzowa w sosie kurkowym (2szt.\/160g)\"},{\"@type\":\"BreadcrumbList\",\"@id\":\"https:\/\/harasowka.pl\/sklep\/produkt\/poledwiczka-wieprzowa-w-sosie-kurkowym-2szt-160g\/#breadcrumb\",\"itemListElement\":[{\"@type\":\"ListItem\",\"position\":1,\"name\":\"Strona g\u0142\u00f3wna\",\"item\":\"https:\/\/harasowka.pl\/sklep\/\"},{\"@type\":\"ListItem\",\"position\":2,\"name\":\"Shop\",\"item\":\"https:\/\/harasowka.pl\/sklep\/shop\/\"},{\"@type\":\"ListItem\",\"position\":3,\"name\":\"Pol\u0119dwiczka wieprzowa w sosie kurkowym (2szt.\/160g)\"}]},{\"@type\":\"WebSite\",\"@id\":\"https:\/\/harasowka.pl\/sklep\/#website\",\"url\":\"https:\/\/harasowka.pl\/sklep\/\",\"name\":\"Sklep Haras\u00f3wka\",\"description\":\"Kuchnia - Tradycja - Zdrowie\",\"potentialAction\":[{\"@type\":\"SearchAction\",\"target\":{\"@type\":\"EntryPoint\",\"urlTemplate\":\"https:\/\/harasowka.pl\/sklep\/?s={search_term_string}\"},\"query-input\":{\"@type\":\"PropertyValueSpecification\",\"valueRequired\":true,\"valueName\":\"search_term_string\"}}],\"inLanguage\":\"pl-PL\"}]}<\/script>\n<!-- \/ Yoast SEO plugin. -->","yoast_head_json":{"title":"Pol\u0119dwiczka wieprzowa w sosie kurkowym (2szt.\/160g) - Sklep Haras\u00f3wka","robots":{"index":"index","follow":"follow","max-snippet":"max-snippet:-1","max-image-preview":"max-image-preview:large","max-video-preview":"max-video-preview:-1"},"canonical":"https:\/\/harasowka.pl\/sklep\/produkt\/poledwiczka-wieprzowa-w-sosie-kurkowym-2szt-160g\/","og_locale":"pl_PL","og_type":"article","og_title":"Pol\u0119dwiczka wieprzowa w sosie kurkowym (2szt.\/160g) - Sklep Haras\u00f3wka","og_description":"Delikatna pol\u0119dwiczka wieprzowa sous vide w \u015bmietanowym sosie z polskimi kurkami. 2szt.\/160g.","og_url":"https:\/\/harasowka.pl\/sklep\/produkt\/poledwiczka-wieprzowa-w-sosie-kurkowym-2szt-160g\/","og_site_name":"Sklep Haras\u00f3wka","article_publisher":"https:\/\/www.facebook.com\/harasowka\/","article_modified_time":"2026-03-10T15:49:12+00:00","og_image":[{"width":1200,"height":1200,"url":"https:\/\/harasowka.pl\/sklep\/wp-content\/uploads\/2025\/12\/poledwiczki-z-kurkami-00.jpg","type":"image\/jpeg"}],"twitter_card":"summary_large_image","twitter_misc":{"Szacowany czas czytania":"1 minuta"},"schema":{"@context":"https:\/\/schema.org","@graph":[{"@type":"WebPage","@id":"https:\/\/harasowka.pl\/sklep\/produkt\/poledwiczka-wieprzowa-w-sosie-kurkowym-2szt-160g\/","url":"https:\/\/harasowka.pl\/sklep\/produkt\/poledwiczka-wieprzowa-w-sosie-kurkowym-2szt-160g\/","name":"Pol\u0119dwiczka wieprzowa w sosie kurkowym (2szt.\/160g) - Sklep Haras\u00f3wka","isPartOf":{"@id":"https:\/\/harasowka.pl\/sklep\/#website"},"primaryImageOfPage":{"@id":"https:\/\/harasowka.pl\/sklep\/produkt\/poledwiczka-wieprzowa-w-sosie-kurkowym-2szt-160g\/#primaryimage"},"image":{"@id":"https:\/\/harasowka.pl\/sklep\/produkt\/poledwiczka-wieprzowa-w-sosie-kurkowym-2szt-160g\/#primaryimage"},"thumbnailUrl":"https:\/\/harasowka.pl\/sklep\/wp-content\/uploads\/2025\/12\/poledwiczki-z-kurkami-00.jpg","datePublished":"2025-12-02T07:55:37+00:00","dateModified":"2026-03-10T15:49:12+00:00","breadcrumb":{"@id":"https:\/\/harasowka.pl\/sklep\/produkt\/poledwiczka-wieprzowa-w-sosie-kurkowym-2szt-160g\/#breadcrumb"},"inLanguage":"pl-PL","potentialAction":[{"@type":"ReadAction","target":["https:\/\/harasowka.pl\/sklep\/produkt\/poledwiczka-wieprzowa-w-sosie-kurkowym-2szt-160g\/"]}]},{"@type":"ImageObject","inLanguage":"pl-PL","@id":"https:\/\/harasowka.pl\/sklep\/produkt\/poledwiczka-wieprzowa-w-sosie-kurkowym-2szt-160g\/#primaryimage","url":"https:\/\/harasowka.pl\/sklep\/wp-content\/uploads\/2025\/12\/poledwiczki-z-kurkami-00.jpg","contentUrl":"https:\/\/harasowka.pl\/sklep\/wp-content\/uploads\/2025\/12\/poledwiczki-z-kurkami-00.jpg","width":1200,"height":1200,"caption":"Pol\u0119dwiczka wieprzowa w sosie kurkowym (2szt.\/160g)"},{"@type":"BreadcrumbList","@id":"https:\/\/harasowka.pl\/sklep\/produkt\/poledwiczka-wieprzowa-w-sosie-kurkowym-2szt-160g\/#breadcrumb","itemListElement":[{"@type":"ListItem","position":1,"name":"Strona g\u0142\u00f3wna","item":"https:\/\/harasowka.pl\/sklep\/"},{"@type":"ListItem","position":2,"name":"Shop","item":"https:\/\/harasowka.pl\/sklep\/shop\/"},{"@type":"ListItem","position":3,"name":"Pol\u0119dwiczka wieprzowa w sosie kurkowym (2szt.\/160g)"}]},{"@type":"WebSite","@id":"https:\/\/harasowka.pl\/sklep\/#website","url":"https:\/\/harasowka.pl\/sklep\/","name":"Sklep Haras\u00f3wka","description":"Kuchnia - Tradycja - Zdrowie","potentialAction":[{"@type":"SearchAction","target":{"@type":"EntryPoint","urlTemplate":"https:\/\/harasowka.pl\/sklep\/?s={search_term_string}"},"query-input":{"@type":"PropertyValueSpecification","valueRequired":true,"valueName":"search_term_string"}}],"inLanguage":"pl-PL"}]}},"jetpack_sharing_enabled":true,"_links":{"self":[{"href":"https:\/\/harasowka.pl\/sklep\/wp-json\/wp\/v2\/product\/1426","targetHints":{"allow":["GET"]}}],"collection":[{"href":"https:\/\/harasowka.pl\/sklep\/wp-json\/wp\/v2\/product"}],"about":[{"href":"https:\/\/harasowka.pl\/sklep\/wp-json\/wp\/v2\/types\/product"}],"version-history":[{"count":4,"href":"https:\/\/harasowka.pl\/sklep\/wp-json\/wp\/v2\/product\/1426\/revisions"}],"predecessor-version":[{"id":1734,"href":"https:\/\/harasowka.pl\/sklep\/wp-json\/wp\/v2\/product\/1426\/revisions\/1734"}],"wp:featuredmedia":[{"embeddable":true,"href":"https:\/\/harasowka.pl\/sklep\/wp-json\/wp\/v2\/media\/1427"}],"wp:attachment":[{"href":"https:\/\/harasowka.pl\/sklep\/wp-json\/wp\/v2\/media?parent=1426"}],"wp:term":[{"taxonomy":"product_cat","embeddable":true,"href":"https:\/\/harasowka.pl\/sklep\/wp-json\/wp\/v2\/product_cat?post=1426"},{"taxonomy":"product_tag","embeddable":true,"href":"https:\/\/harasowka.pl\/sklep\/wp-json\/wp\/v2\/product_tag?post=1426"}],"curies":[{"name":"wp","href":"https:\/\/api.w.org\/{rel}","templated":true}]}}