{"id":1430,"date":"2025-12-02T12:29:37","date_gmt":"2025-12-02T11:29:37","guid":{"rendered":"https:\/\/harasowka.pl\/sklep\/?post_type=product&#038;p=1430"},"modified":"2026-03-10T11:23:07","modified_gmt":"2026-03-10T10:23:07","slug":"golonka-pieczona-w-piwie-z-kapusta-zasmazana-porcja-500g-kapusta","status":"publish","type":"product","link":"https:\/\/harasowka.pl\/sklep\/produkt\/golonka-pieczona-w-piwie-z-kapusta-zasmazana-porcja-500g-kapusta\/","title":{"rendered":"Golonka pieczona w piwie z kapust\u0105 zasma\u017can\u0105 (500g + kapusta)"},"content":{"rendered":"<p><strong>&#x1f356; Golonka pieczona w piwie z kapust\u0105 zasma\u017can\u0105 (500g + kapusta)<\/strong><\/p>\n<p>Prawdziwy klasyk polskiej kuchni w najlepszym wydaniu. Soczyste, mi\u0119kkie mi\u0119so wieprzowe, powoli pieczone w piwie z aromatycznymi przyprawami, zachowuje pe\u0142ni\u0119 smaku i delikatnie chrupi\u0105c\u0105 sk\u00f3rk\u0119. W zestawie aromatyczna kapusta zasma\u017cana z kiszonej kapusty \u2014 gotowy, kompletny posi\u0142ek.<\/p>\n<p>&#x1f37d;&#xfe0f; <strong>Propozycja podania:<\/strong><br \/>\nNajlepiej z ziemniakami puree, pieczonym chlebem lub kluskami \u015bl\u0105skimi. Musztarda lub chrzan podkre\u015bl\u0105 wyrazisty smak golonki.<\/p>\n<p>&#x1f525; <strong>Jak odgrza\u0107:<\/strong><br \/>\n<strong>Piekarnik:<\/strong> 180\u00b0C, 10\u201315 minut<br \/>\n<strong>Mikrofal\u00f3wka:<\/strong> 5\u20137 minut, moc 900W<\/p>\n<p>&#x2744;&#xfe0f; <strong>Przechowywanie:<\/strong> od +1\u00b0C do +8\u00b0C<br \/>\nNasze produkty cateringowe wydawane s\u0105 gotowe do spo\u017cycia \u2014 wystarczy je odgrza\u0107.<\/p>\n","protected":false},"excerpt":{"rendered":"<p>Soczysta golonka powoli pieczona w piwie z aromatyczn\u0105 kapust\u0105 zasma\u017can\u0105. 500g + kapusta.<\/p>\n","protected":false},"featured_media":1431,"template":"","meta":[],"product_cat":[59,44,58],"product_tag":[49,53],"class_list":{"0":"post-1430","1":"product","2":"type-product","3":"status-publish","4":"has-post-thumbnail","6":"product_cat-catering-dania-glowne","7":"product_cat-boze-narodzenie","8":"product_cat-catering","9":"product_tag-na-cieplo","10":"product_tag-tradycyjne","12":"first","13":"instock","14":"shipping-taxable","15":"purchasable","16":"product-type-simple"},"yoast_head":"<!-- This site is optimized with the Yoast SEO plugin v27.1.1 - https:\/\/yoast.com\/product\/yoast-seo-wordpress\/ -->\n<title>Golonka pieczona w piwie z kapust\u0105 zasma\u017can\u0105 (500g + kapusta) - Sklep Haras\u00f3wka<\/title>\n<meta name=\"robots\" content=\"index, follow, max-snippet:-1, max-image-preview:large, max-video-preview:-1\" \/>\n<link rel=\"canonical\" href=\"https:\/\/harasowka.pl\/sklep\/produkt\/golonka-pieczona-w-piwie-z-kapusta-zasmazana-porcja-500g-kapusta\/\" \/>\n<meta property=\"og:locale\" content=\"pl_PL\" \/>\n<meta property=\"og:type\" content=\"article\" \/>\n<meta property=\"og:title\" content=\"Golonka pieczona w piwie z kapust\u0105 zasma\u017can\u0105 (500g + kapusta) - Sklep Haras\u00f3wka\" \/>\n<meta property=\"og:description\" content=\"Soczysta golonka powoli pieczona w piwie z aromatyczn\u0105 kapust\u0105 zasma\u017can\u0105. 500g + kapusta.\" \/>\n<meta property=\"og:url\" content=\"https:\/\/harasowka.pl\/sklep\/produkt\/golonka-pieczona-w-piwie-z-kapusta-zasmazana-porcja-500g-kapusta\/\" \/>\n<meta property=\"og:site_name\" content=\"Sklep Haras\u00f3wka\" \/>\n<meta property=\"article:publisher\" content=\"https:\/\/www.facebook.com\/harasowka\/\" \/>\n<meta property=\"article:modified_time\" content=\"2026-03-10T10:23:07+00:00\" \/>\n<meta property=\"og:image\" content=\"https:\/\/harasowka.pl\/sklep\/wp-content\/uploads\/2025\/12\/69914859-v-1080x1080-1.jpg\" \/>\n\t<meta property=\"og:image:width\" content=\"1080\" \/>\n\t<meta property=\"og:image:height\" content=\"1080\" \/>\n\t<meta property=\"og:image:type\" content=\"image\/jpeg\" \/>\n<meta name=\"twitter:card\" content=\"summary_large_image\" \/>\n<meta name=\"twitter:label1\" content=\"Szacowany czas czytania\" \/>\n\t<meta name=\"twitter:data1\" content=\"1 minuta\" \/>\n<script type=\"application\/ld+json\" class=\"yoast-schema-graph\">{\"@context\":\"https:\/\/schema.org\",\"@graph\":[{\"@type\":\"WebPage\",\"@id\":\"https:\/\/harasowka.pl\/sklep\/produkt\/golonka-pieczona-w-piwie-z-kapusta-zasmazana-porcja-500g-kapusta\/\",\"url\":\"https:\/\/harasowka.pl\/sklep\/produkt\/golonka-pieczona-w-piwie-z-kapusta-zasmazana-porcja-500g-kapusta\/\",\"name\":\"Golonka pieczona w piwie z kapust\u0105 zasma\u017can\u0105 (500g + kapusta) - Sklep Haras\u00f3wka\",\"isPartOf\":{\"@id\":\"https:\/\/harasowka.pl\/sklep\/#website\"},\"primaryImageOfPage\":{\"@id\":\"https:\/\/harasowka.pl\/sklep\/produkt\/golonka-pieczona-w-piwie-z-kapusta-zasmazana-porcja-500g-kapusta\/#primaryimage\"},\"image\":{\"@id\":\"https:\/\/harasowka.pl\/sklep\/produkt\/golonka-pieczona-w-piwie-z-kapusta-zasmazana-porcja-500g-kapusta\/#primaryimage\"},\"thumbnailUrl\":\"https:\/\/harasowka.pl\/sklep\/wp-content\/uploads\/2025\/12\/69914859-v-1080x1080-1.jpg\",\"datePublished\":\"2025-12-02T11:29:37+00:00\",\"dateModified\":\"2026-03-10T10:23:07+00:00\",\"breadcrumb\":{\"@id\":\"https:\/\/harasowka.pl\/sklep\/produkt\/golonka-pieczona-w-piwie-z-kapusta-zasmazana-porcja-500g-kapusta\/#breadcrumb\"},\"inLanguage\":\"pl-PL\",\"potentialAction\":[{\"@type\":\"ReadAction\",\"target\":[\"https:\/\/harasowka.pl\/sklep\/produkt\/golonka-pieczona-w-piwie-z-kapusta-zasmazana-porcja-500g-kapusta\/\"]}]},{\"@type\":\"ImageObject\",\"inLanguage\":\"pl-PL\",\"@id\":\"https:\/\/harasowka.pl\/sklep\/produkt\/golonka-pieczona-w-piwie-z-kapusta-zasmazana-porcja-500g-kapusta\/#primaryimage\",\"url\":\"https:\/\/harasowka.pl\/sklep\/wp-content\/uploads\/2025\/12\/69914859-v-1080x1080-1.jpg\",\"contentUrl\":\"https:\/\/harasowka.pl\/sklep\/wp-content\/uploads\/2025\/12\/69914859-v-1080x1080-1.jpg\",\"width\":1080,\"height\":1080,\"caption\":\"Golonka pieczona w piwie z kapust\u0105 zasma\u017can\u0105 (porcja 500g + kapusta)\"},{\"@type\":\"BreadcrumbList\",\"@id\":\"https:\/\/harasowka.pl\/sklep\/produkt\/golonka-pieczona-w-piwie-z-kapusta-zasmazana-porcja-500g-kapusta\/#breadcrumb\",\"itemListElement\":[{\"@type\":\"ListItem\",\"position\":1,\"name\":\"Strona g\u0142\u00f3wna\",\"item\":\"https:\/\/harasowka.pl\/sklep\/\"},{\"@type\":\"ListItem\",\"position\":2,\"name\":\"Shop\",\"item\":\"https:\/\/harasowka.pl\/sklep\/shop\/\"},{\"@type\":\"ListItem\",\"position\":3,\"name\":\"Golonka pieczona w piwie z kapust\u0105 zasma\u017can\u0105 (500g + kapusta)\"}]},{\"@type\":\"WebSite\",\"@id\":\"https:\/\/harasowka.pl\/sklep\/#website\",\"url\":\"https:\/\/harasowka.pl\/sklep\/\",\"name\":\"Sklep Haras\u00f3wka\",\"description\":\"Kuchnia - Tradycja - Zdrowie\",\"potentialAction\":[{\"@type\":\"SearchAction\",\"target\":{\"@type\":\"EntryPoint\",\"urlTemplate\":\"https:\/\/harasowka.pl\/sklep\/?s={search_term_string}\"},\"query-input\":{\"@type\":\"PropertyValueSpecification\",\"valueRequired\":true,\"valueName\":\"search_term_string\"}}],\"inLanguage\":\"pl-PL\"}]}<\/script>\n<!-- \/ Yoast SEO plugin. -->","yoast_head_json":{"title":"Golonka pieczona w piwie z kapust\u0105 zasma\u017can\u0105 (500g + kapusta) - Sklep Haras\u00f3wka","robots":{"index":"index","follow":"follow","max-snippet":"max-snippet:-1","max-image-preview":"max-image-preview:large","max-video-preview":"max-video-preview:-1"},"canonical":"https:\/\/harasowka.pl\/sklep\/produkt\/golonka-pieczona-w-piwie-z-kapusta-zasmazana-porcja-500g-kapusta\/","og_locale":"pl_PL","og_type":"article","og_title":"Golonka pieczona w piwie z kapust\u0105 zasma\u017can\u0105 (500g + kapusta) - Sklep Haras\u00f3wka","og_description":"Soczysta golonka powoli pieczona w piwie z aromatyczn\u0105 kapust\u0105 zasma\u017can\u0105. 500g + kapusta.","og_url":"https:\/\/harasowka.pl\/sklep\/produkt\/golonka-pieczona-w-piwie-z-kapusta-zasmazana-porcja-500g-kapusta\/","og_site_name":"Sklep Haras\u00f3wka","article_publisher":"https:\/\/www.facebook.com\/harasowka\/","article_modified_time":"2026-03-10T10:23:07+00:00","og_image":[{"width":1080,"height":1080,"url":"https:\/\/harasowka.pl\/sklep\/wp-content\/uploads\/2025\/12\/69914859-v-1080x1080-1.jpg","type":"image\/jpeg"}],"twitter_card":"summary_large_image","twitter_misc":{"Szacowany czas czytania":"1 minuta"},"schema":{"@context":"https:\/\/schema.org","@graph":[{"@type":"WebPage","@id":"https:\/\/harasowka.pl\/sklep\/produkt\/golonka-pieczona-w-piwie-z-kapusta-zasmazana-porcja-500g-kapusta\/","url":"https:\/\/harasowka.pl\/sklep\/produkt\/golonka-pieczona-w-piwie-z-kapusta-zasmazana-porcja-500g-kapusta\/","name":"Golonka pieczona w piwie z kapust\u0105 zasma\u017can\u0105 (500g + kapusta) - Sklep Haras\u00f3wka","isPartOf":{"@id":"https:\/\/harasowka.pl\/sklep\/#website"},"primaryImageOfPage":{"@id":"https:\/\/harasowka.pl\/sklep\/produkt\/golonka-pieczona-w-piwie-z-kapusta-zasmazana-porcja-500g-kapusta\/#primaryimage"},"image":{"@id":"https:\/\/harasowka.pl\/sklep\/produkt\/golonka-pieczona-w-piwie-z-kapusta-zasmazana-porcja-500g-kapusta\/#primaryimage"},"thumbnailUrl":"https:\/\/harasowka.pl\/sklep\/wp-content\/uploads\/2025\/12\/69914859-v-1080x1080-1.jpg","datePublished":"2025-12-02T11:29:37+00:00","dateModified":"2026-03-10T10:23:07+00:00","breadcrumb":{"@id":"https:\/\/harasowka.pl\/sklep\/produkt\/golonka-pieczona-w-piwie-z-kapusta-zasmazana-porcja-500g-kapusta\/#breadcrumb"},"inLanguage":"pl-PL","potentialAction":[{"@type":"ReadAction","target":["https:\/\/harasowka.pl\/sklep\/produkt\/golonka-pieczona-w-piwie-z-kapusta-zasmazana-porcja-500g-kapusta\/"]}]},{"@type":"ImageObject","inLanguage":"pl-PL","@id":"https:\/\/harasowka.pl\/sklep\/produkt\/golonka-pieczona-w-piwie-z-kapusta-zasmazana-porcja-500g-kapusta\/#primaryimage","url":"https:\/\/harasowka.pl\/sklep\/wp-content\/uploads\/2025\/12\/69914859-v-1080x1080-1.jpg","contentUrl":"https:\/\/harasowka.pl\/sklep\/wp-content\/uploads\/2025\/12\/69914859-v-1080x1080-1.jpg","width":1080,"height":1080,"caption":"Golonka pieczona w piwie z kapust\u0105 zasma\u017can\u0105 (porcja 500g + kapusta)"},{"@type":"BreadcrumbList","@id":"https:\/\/harasowka.pl\/sklep\/produkt\/golonka-pieczona-w-piwie-z-kapusta-zasmazana-porcja-500g-kapusta\/#breadcrumb","itemListElement":[{"@type":"ListItem","position":1,"name":"Strona g\u0142\u00f3wna","item":"https:\/\/harasowka.pl\/sklep\/"},{"@type":"ListItem","position":2,"name":"Shop","item":"https:\/\/harasowka.pl\/sklep\/shop\/"},{"@type":"ListItem","position":3,"name":"Golonka pieczona w piwie z kapust\u0105 zasma\u017can\u0105 (500g + kapusta)"}]},{"@type":"WebSite","@id":"https:\/\/harasowka.pl\/sklep\/#website","url":"https:\/\/harasowka.pl\/sklep\/","name":"Sklep Haras\u00f3wka","description":"Kuchnia - Tradycja - Zdrowie","potentialAction":[{"@type":"SearchAction","target":{"@type":"EntryPoint","urlTemplate":"https:\/\/harasowka.pl\/sklep\/?s={search_term_string}"},"query-input":{"@type":"PropertyValueSpecification","valueRequired":true,"valueName":"search_term_string"}}],"inLanguage":"pl-PL"}]}},"jetpack_sharing_enabled":true,"_links":{"self":[{"href":"https:\/\/harasowka.pl\/sklep\/wp-json\/wp\/v2\/product\/1430","targetHints":{"allow":["GET"]}}],"collection":[{"href":"https:\/\/harasowka.pl\/sklep\/wp-json\/wp\/v2\/product"}],"about":[{"href":"https:\/\/harasowka.pl\/sklep\/wp-json\/wp\/v2\/types\/product"}],"version-history":[{"count":6,"href":"https:\/\/harasowka.pl\/sklep\/wp-json\/wp\/v2\/product\/1430\/revisions"}],"predecessor-version":[{"id":1727,"href":"https:\/\/harasowka.pl\/sklep\/wp-json\/wp\/v2\/product\/1430\/revisions\/1727"}],"wp:featuredmedia":[{"embeddable":true,"href":"https:\/\/harasowka.pl\/sklep\/wp-json\/wp\/v2\/media\/1431"}],"wp:attachment":[{"href":"https:\/\/harasowka.pl\/sklep\/wp-json\/wp\/v2\/media?parent=1430"}],"wp:term":[{"taxonomy":"product_cat","embeddable":true,"href":"https:\/\/harasowka.pl\/sklep\/wp-json\/wp\/v2\/product_cat?post=1430"},{"taxonomy":"product_tag","embeddable":true,"href":"https:\/\/harasowka.pl\/sklep\/wp-json\/wp\/v2\/product_tag?post=1430"}],"curies":[{"name":"wp","href":"https:\/\/api.w.org\/{rel}","templated":true}]}}