{"id":772,"date":"2023-10-18T15:02:30","date_gmt":"2023-10-18T13:02:30","guid":{"rendered":"http:\/\/sklephara2.appworksdev.pl\/?post_type=product&#038;p=772"},"modified":"2026-03-10T11:23:08","modified_gmt":"2026-03-10T10:23:08","slug":"devolay-2szt-80g","status":"publish","type":"product","link":"https:\/\/harasowka.pl\/sklep\/produkt\/devolay-2szt-80g\/","title":{"rendered":"Devolay z piersi kurczaka (2szt\/160g)"},"content":{"rendered":"<p><strong>&#x1f357; Devolay z piersi kurczaka (2szt\/160g)<\/strong><\/p>\n<p>Z\u0142ocisty, chrupi\u0105cy na zewn\u0105trz, a w \u015brodku \u2014 soczysta pier\u015b z kurczaka z rozp\u0142ywaj\u0105cym si\u0119 mas\u0142em. Klasyczny devolay to jedno z tych da\u0144, kt\u00f3re zawsze robi wra\u017cenie na stole. Doskonale przyrz\u0105dzony kotlet zachwyca aromatem i soczysto\u015bci\u0105 \u2014 idealny wyb\u00f3r na rodzinne obiady, przyj\u0119cia i spotkania.<\/p>\n<p>&#x1f37d;&#xfe0f; <strong>Propozycja podania:<\/strong><br \/>\nDevolay idealnie komponuje si\u0119 z m\u0142odymi ziemniakami posypanymi koperkiem oraz \u015bwie\u017c\u0105 sur\u00f3wk\u0105 z marchewki. \u015awietnie sprawdzi si\u0119 te\u017c w towarzystwie sa\u0142atki jarzynowej lub \u0107wik\u0142y.<\/p>\n<p>&#x1f525; <strong>Jak odgrza\u0107:<\/strong><br \/>\n<strong>Piekarnik:<\/strong> 180\u00b0C, 6\u201310 minut<br \/>\n<strong>Mikrofal\u00f3wka:<\/strong> 5 minut, moc 900W<\/p>\n<p>&#x2744;&#xfe0f; <strong>Przechowywanie:<\/strong> od +1\u00b0C do +8\u00b0C<br \/>\nNasze produkty cateringowe wydawane s\u0105 gotowe do spo\u017cycia \u2014 wystarczy je odgrza\u0107.<\/p>\n","protected":false},"excerpt":{"rendered":"<p>Klasyczny, z\u0142ocisty kotlet z piersi kurczaka z rozp\u0142ywaj\u0105cym si\u0119 mas\u0142em w \u015brodku. 2 sztuki w porcji.<\/p>\n","protected":false},"featured_media":1382,"template":"","meta":[],"product_cat":[59,58],"product_tag":[49],"class_list":{"0":"post-772","1":"product","2":"type-product","3":"status-publish","4":"has-post-thumbnail","6":"product_cat-catering-dania-glowne","7":"product_cat-catering","8":"product_tag-na-cieplo","10":"first","11":"instock","12":"shipping-taxable","13":"purchasable","14":"product-type-simple"},"yoast_head":"<!-- This site is optimized with the Yoast SEO plugin v27.1.1 - https:\/\/yoast.com\/product\/yoast-seo-wordpress\/ -->\n<title>Devolay z piersi kurczaka (2szt\/160g) - Sklep Haras\u00f3wka<\/title>\n<meta name=\"robots\" content=\"index, follow, max-snippet:-1, max-image-preview:large, max-video-preview:-1\" \/>\n<link rel=\"canonical\" href=\"https:\/\/harasowka.pl\/sklep\/produkt\/devolay-2szt-80g\/\" \/>\n<meta property=\"og:locale\" content=\"pl_PL\" \/>\n<meta property=\"og:type\" content=\"article\" \/>\n<meta property=\"og:title\" content=\"Devolay z piersi kurczaka (2szt\/160g) - Sklep Haras\u00f3wka\" \/>\n<meta property=\"og:description\" content=\"Klasyczny, z\u0142ocisty kotlet z piersi kurczaka z rozp\u0142ywaj\u0105cym si\u0119 mas\u0142em w \u015brodku. 2 sztuki w porcji.\" \/>\n<meta property=\"og:url\" content=\"https:\/\/harasowka.pl\/sklep\/produkt\/devolay-2szt-80g\/\" \/>\n<meta property=\"og:site_name\" content=\"Sklep Haras\u00f3wka\" \/>\n<meta property=\"article:publisher\" content=\"https:\/\/www.facebook.com\/harasowka\/\" \/>\n<meta property=\"article:modified_time\" content=\"2026-03-10T10:23:08+00:00\" \/>\n<meta property=\"og:image\" content=\"https:\/\/harasowka.pl\/sklep\/wp-content\/uploads\/2023\/10\/20251124_075445-scaled.jpg\" \/>\n\t<meta property=\"og:image:width\" content=\"1441\" \/>\n\t<meta property=\"og:image:height\" content=\"2560\" \/>\n\t<meta property=\"og:image:type\" content=\"image\/jpeg\" \/>\n<meta name=\"twitter:card\" content=\"summary_large_image\" \/>\n<meta name=\"twitter:label1\" content=\"Szacowany czas czytania\" \/>\n\t<meta name=\"twitter:data1\" content=\"2 minuty\" \/>\n<script type=\"application\/ld+json\" class=\"yoast-schema-graph\">{\"@context\":\"https:\/\/schema.org\",\"@graph\":[{\"@type\":\"WebPage\",\"@id\":\"https:\/\/harasowka.pl\/sklep\/produkt\/devolay-2szt-80g\/\",\"url\":\"https:\/\/harasowka.pl\/sklep\/produkt\/devolay-2szt-80g\/\",\"name\":\"Devolay z piersi kurczaka (2szt\/160g) - Sklep Haras\u00f3wka\",\"isPartOf\":{\"@id\":\"https:\/\/harasowka.pl\/sklep\/#website\"},\"primaryImageOfPage\":{\"@id\":\"https:\/\/harasowka.pl\/sklep\/produkt\/devolay-2szt-80g\/#primaryimage\"},\"image\":{\"@id\":\"https:\/\/harasowka.pl\/sklep\/produkt\/devolay-2szt-80g\/#primaryimage\"},\"thumbnailUrl\":\"https:\/\/harasowka.pl\/sklep\/wp-content\/uploads\/2023\/10\/20251124_075445-scaled.jpg\",\"datePublished\":\"2023-10-18T13:02:30+00:00\",\"dateModified\":\"2026-03-10T10:23:08+00:00\",\"breadcrumb\":{\"@id\":\"https:\/\/harasowka.pl\/sklep\/produkt\/devolay-2szt-80g\/#breadcrumb\"},\"inLanguage\":\"pl-PL\",\"potentialAction\":[{\"@type\":\"ReadAction\",\"target\":[\"https:\/\/harasowka.pl\/sklep\/produkt\/devolay-2szt-80g\/\"]}]},{\"@type\":\"ImageObject\",\"inLanguage\":\"pl-PL\",\"@id\":\"https:\/\/harasowka.pl\/sklep\/produkt\/devolay-2szt-80g\/#primaryimage\",\"url\":\"https:\/\/harasowka.pl\/sklep\/wp-content\/uploads\/2023\/10\/20251124_075445-scaled.jpg\",\"contentUrl\":\"https:\/\/harasowka.pl\/sklep\/wp-content\/uploads\/2023\/10\/20251124_075445-scaled.jpg\",\"width\":1441,\"height\":2560,\"caption\":\"Devolay z piersi kurczaka 2szt (sztuka 80g)\u00a0\"},{\"@type\":\"BreadcrumbList\",\"@id\":\"https:\/\/harasowka.pl\/sklep\/produkt\/devolay-2szt-80g\/#breadcrumb\",\"itemListElement\":[{\"@type\":\"ListItem\",\"position\":1,\"name\":\"Strona g\u0142\u00f3wna\",\"item\":\"https:\/\/harasowka.pl\/sklep\/\"},{\"@type\":\"ListItem\",\"position\":2,\"name\":\"Shop\",\"item\":\"https:\/\/harasowka.pl\/sklep\/shop\/\"},{\"@type\":\"ListItem\",\"position\":3,\"name\":\"Devolay z piersi kurczaka (2szt\/160g)\"}]},{\"@type\":\"WebSite\",\"@id\":\"https:\/\/harasowka.pl\/sklep\/#website\",\"url\":\"https:\/\/harasowka.pl\/sklep\/\",\"name\":\"Sklep Haras\u00f3wka\",\"description\":\"Kuchnia - Tradycja - Zdrowie\",\"potentialAction\":[{\"@type\":\"SearchAction\",\"target\":{\"@type\":\"EntryPoint\",\"urlTemplate\":\"https:\/\/harasowka.pl\/sklep\/?s={search_term_string}\"},\"query-input\":{\"@type\":\"PropertyValueSpecification\",\"valueRequired\":true,\"valueName\":\"search_term_string\"}}],\"inLanguage\":\"pl-PL\"}]}<\/script>\n<!-- \/ Yoast SEO plugin. -->","yoast_head_json":{"title":"Devolay z piersi kurczaka (2szt\/160g) - Sklep Haras\u00f3wka","robots":{"index":"index","follow":"follow","max-snippet":"max-snippet:-1","max-image-preview":"max-image-preview:large","max-video-preview":"max-video-preview:-1"},"canonical":"https:\/\/harasowka.pl\/sklep\/produkt\/devolay-2szt-80g\/","og_locale":"pl_PL","og_type":"article","og_title":"Devolay z piersi kurczaka (2szt\/160g) - Sklep Haras\u00f3wka","og_description":"Klasyczny, z\u0142ocisty kotlet z piersi kurczaka z rozp\u0142ywaj\u0105cym si\u0119 mas\u0142em w \u015brodku. 2 sztuki w porcji.","og_url":"https:\/\/harasowka.pl\/sklep\/produkt\/devolay-2szt-80g\/","og_site_name":"Sklep Haras\u00f3wka","article_publisher":"https:\/\/www.facebook.com\/harasowka\/","article_modified_time":"2026-03-10T10:23:08+00:00","og_image":[{"width":1441,"height":2560,"url":"https:\/\/harasowka.pl\/sklep\/wp-content\/uploads\/2023\/10\/20251124_075445-scaled.jpg","type":"image\/jpeg"}],"twitter_card":"summary_large_image","twitter_misc":{"Szacowany czas czytania":"2 minuty"},"schema":{"@context":"https:\/\/schema.org","@graph":[{"@type":"WebPage","@id":"https:\/\/harasowka.pl\/sklep\/produkt\/devolay-2szt-80g\/","url":"https:\/\/harasowka.pl\/sklep\/produkt\/devolay-2szt-80g\/","name":"Devolay z piersi kurczaka (2szt\/160g) - Sklep Haras\u00f3wka","isPartOf":{"@id":"https:\/\/harasowka.pl\/sklep\/#website"},"primaryImageOfPage":{"@id":"https:\/\/harasowka.pl\/sklep\/produkt\/devolay-2szt-80g\/#primaryimage"},"image":{"@id":"https:\/\/harasowka.pl\/sklep\/produkt\/devolay-2szt-80g\/#primaryimage"},"thumbnailUrl":"https:\/\/harasowka.pl\/sklep\/wp-content\/uploads\/2023\/10\/20251124_075445-scaled.jpg","datePublished":"2023-10-18T13:02:30+00:00","dateModified":"2026-03-10T10:23:08+00:00","breadcrumb":{"@id":"https:\/\/harasowka.pl\/sklep\/produkt\/devolay-2szt-80g\/#breadcrumb"},"inLanguage":"pl-PL","potentialAction":[{"@type":"ReadAction","target":["https:\/\/harasowka.pl\/sklep\/produkt\/devolay-2szt-80g\/"]}]},{"@type":"ImageObject","inLanguage":"pl-PL","@id":"https:\/\/harasowka.pl\/sklep\/produkt\/devolay-2szt-80g\/#primaryimage","url":"https:\/\/harasowka.pl\/sklep\/wp-content\/uploads\/2023\/10\/20251124_075445-scaled.jpg","contentUrl":"https:\/\/harasowka.pl\/sklep\/wp-content\/uploads\/2023\/10\/20251124_075445-scaled.jpg","width":1441,"height":2560,"caption":"Devolay z piersi kurczaka 2szt (sztuka 80g)\u00a0"},{"@type":"BreadcrumbList","@id":"https:\/\/harasowka.pl\/sklep\/produkt\/devolay-2szt-80g\/#breadcrumb","itemListElement":[{"@type":"ListItem","position":1,"name":"Strona g\u0142\u00f3wna","item":"https:\/\/harasowka.pl\/sklep\/"},{"@type":"ListItem","position":2,"name":"Shop","item":"https:\/\/harasowka.pl\/sklep\/shop\/"},{"@type":"ListItem","position":3,"name":"Devolay z piersi kurczaka (2szt\/160g)"}]},{"@type":"WebSite","@id":"https:\/\/harasowka.pl\/sklep\/#website","url":"https:\/\/harasowka.pl\/sklep\/","name":"Sklep Haras\u00f3wka","description":"Kuchnia - Tradycja - Zdrowie","potentialAction":[{"@type":"SearchAction","target":{"@type":"EntryPoint","urlTemplate":"https:\/\/harasowka.pl\/sklep\/?s={search_term_string}"},"query-input":{"@type":"PropertyValueSpecification","valueRequired":true,"valueName":"search_term_string"}}],"inLanguage":"pl-PL"}]}},"jetpack_sharing_enabled":true,"_links":{"self":[{"href":"https:\/\/harasowka.pl\/sklep\/wp-json\/wp\/v2\/product\/772","targetHints":{"allow":["GET"]}}],"collection":[{"href":"https:\/\/harasowka.pl\/sklep\/wp-json\/wp\/v2\/product"}],"about":[{"href":"https:\/\/harasowka.pl\/sklep\/wp-json\/wp\/v2\/types\/product"}],"version-history":[{"count":13,"href":"https:\/\/harasowka.pl\/sklep\/wp-json\/wp\/v2\/product\/772\/revisions"}],"predecessor-version":[{"id":1729,"href":"https:\/\/harasowka.pl\/sklep\/wp-json\/wp\/v2\/product\/772\/revisions\/1729"}],"wp:featuredmedia":[{"embeddable":true,"href":"https:\/\/harasowka.pl\/sklep\/wp-json\/wp\/v2\/media\/1382"}],"wp:attachment":[{"href":"https:\/\/harasowka.pl\/sklep\/wp-json\/wp\/v2\/media?parent=772"}],"wp:term":[{"taxonomy":"product_cat","embeddable":true,"href":"https:\/\/harasowka.pl\/sklep\/wp-json\/wp\/v2\/product_cat?post=772"},{"taxonomy":"product_tag","embeddable":true,"href":"https:\/\/harasowka.pl\/sklep\/wp-json\/wp\/v2\/product_tag?post=772"}],"curies":[{"name":"wp","href":"https:\/\/api.w.org\/{rel}","templated":true}]}}