{"id":968,"date":"2024-03-09T12:28:06","date_gmt":"2024-03-09T11:28:06","guid":{"rendered":"https:\/\/harasowka.pl\/sklep\/?post_type=product&#038;p=968"},"modified":"2026-03-10T11:10:36","modified_gmt":"2026-03-10T10:10:36","slug":"zrazy-wieprzowe-z-szynki-sztuka-80g","status":"publish","type":"product","link":"https:\/\/harasowka.pl\/sklep\/produkt\/zrazy-wieprzowe-z-szynki-sztuka-80g\/","title":{"rendered":"Zrazy wieprzowe z szynki w sosie pieczeniowym (2szt\/160g)"},"content":{"rendered":"<p><strong>&#x1f969; Zrazy wieprzowe z szynki w sosie pieczeniowym (2szt\/160g)<\/strong><\/p>\n<p>Klasyczne, domowe danie \u2014 delikatne plastry szynki starannie zawijane, przyprawiane i pieczone, dzi\u0119ki czemu pozostaj\u0105 soczyste i aromatyczne. Podawane w aromatycznym sosie pieczeniowym. Idealna propozycja na rodzinne obiady i spotkania.<\/p>\n<p>&#x1f37d;&#xfe0f; <strong>Propozycja podania:<\/strong><br \/>\n\u015awietnie z kluskami \u015bl\u0105skimi lub ziemniakami puree, buraczkami, modr\u0105 kapust\u0105 lub domowymi sur\u00f3wkami.<\/p>\n<p>&#x1f525; <strong>Jak odgrza\u0107:<\/strong><br \/>\n<strong>Piekarnik:<\/strong> 180\u00b0C, 6\u201310 minut<br \/>\n<strong>Mikrofal\u00f3wka:<\/strong> 4 minuty, moc 900W<\/p>\n<p>&#x2744;&#xfe0f; <strong>Przechowywanie:<\/strong> od +1\u00b0C do +8\u00b0C<br \/>\nNasze produkty cateringowe wydawane s\u0105 gotowe do spo\u017cycia \u2014 wystarczy je odgrza\u0107.<\/p>\n","protected":false},"excerpt":{"rendered":"<p>Tradycyjne zrazy z szynki w aromatycznym sosie pieczeniowym. 2 sztuki w porcji.<\/p>\n","protected":false},"featured_media":969,"template":"","meta":[],"product_cat":[59,44,58],"product_tag":[49,53],"class_list":{"0":"post-968","1":"product","2":"type-product","3":"status-publish","4":"has-post-thumbnail","6":"product_cat-catering-dania-glowne","7":"product_cat-boze-narodzenie","8":"product_cat-catering","9":"product_tag-na-cieplo","10":"product_tag-tradycyjne","12":"first","13":"instock","14":"shipping-taxable","15":"purchasable","16":"product-type-simple"},"yoast_head":"<!-- This site is optimized with the Yoast SEO plugin v27.1.1 - https:\/\/yoast.com\/product\/yoast-seo-wordpress\/ -->\n<title>Zrazy wieprzowe z szynki w sosie pieczeniowym (2szt\/160g) - Sklep Haras\u00f3wka<\/title>\n<meta name=\"robots\" content=\"index, follow, max-snippet:-1, max-image-preview:large, max-video-preview:-1\" \/>\n<link rel=\"canonical\" href=\"https:\/\/harasowka.pl\/sklep\/produkt\/zrazy-wieprzowe-z-szynki-sztuka-80g\/\" \/>\n<meta property=\"og:locale\" content=\"pl_PL\" \/>\n<meta property=\"og:type\" content=\"article\" \/>\n<meta property=\"og:title\" content=\"Zrazy wieprzowe z szynki w sosie pieczeniowym (2szt\/160g) - Sklep Haras\u00f3wka\" \/>\n<meta property=\"og:description\" content=\"Tradycyjne zrazy z szynki w aromatycznym sosie pieczeniowym. 2 sztuki w porcji.\" \/>\n<meta property=\"og:url\" content=\"https:\/\/harasowka.pl\/sklep\/produkt\/zrazy-wieprzowe-z-szynki-sztuka-80g\/\" \/>\n<meta property=\"og:site_name\" content=\"Sklep Haras\u00f3wka\" \/>\n<meta property=\"article:publisher\" content=\"https:\/\/www.facebook.com\/harasowka\/\" \/>\n<meta property=\"article:modified_time\" content=\"2026-03-10T10:10:36+00:00\" \/>\n<meta property=\"og:image\" content=\"https:\/\/harasowka.pl\/sklep\/wp-content\/uploads\/2024\/03\/zrazywp.jpg\" \/>\n\t<meta property=\"og:image:width\" content=\"482\" \/>\n\t<meta property=\"og:image:height\" content=\"416\" \/>\n\t<meta property=\"og:image:type\" content=\"image\/jpeg\" \/>\n<meta name=\"twitter:card\" content=\"summary_large_image\" \/>\n<meta name=\"twitter:label1\" content=\"Szacowany czas czytania\" \/>\n\t<meta name=\"twitter:data1\" content=\"1 minuta\" \/>\n<script type=\"application\/ld+json\" class=\"yoast-schema-graph\">{\"@context\":\"https:\/\/schema.org\",\"@graph\":[{\"@type\":\"WebPage\",\"@id\":\"https:\/\/harasowka.pl\/sklep\/produkt\/zrazy-wieprzowe-z-szynki-sztuka-80g\/\",\"url\":\"https:\/\/harasowka.pl\/sklep\/produkt\/zrazy-wieprzowe-z-szynki-sztuka-80g\/\",\"name\":\"Zrazy wieprzowe z szynki w sosie pieczeniowym (2szt\/160g) - Sklep Haras\u00f3wka\",\"isPartOf\":{\"@id\":\"https:\/\/harasowka.pl\/sklep\/#website\"},\"primaryImageOfPage\":{\"@id\":\"https:\/\/harasowka.pl\/sklep\/produkt\/zrazy-wieprzowe-z-szynki-sztuka-80g\/#primaryimage\"},\"image\":{\"@id\":\"https:\/\/harasowka.pl\/sklep\/produkt\/zrazy-wieprzowe-z-szynki-sztuka-80g\/#primaryimage\"},\"thumbnailUrl\":\"https:\/\/harasowka.pl\/sklep\/wp-content\/uploads\/2024\/03\/zrazywp.jpg\",\"datePublished\":\"2024-03-09T11:28:06+00:00\",\"dateModified\":\"2026-03-10T10:10:36+00:00\",\"breadcrumb\":{\"@id\":\"https:\/\/harasowka.pl\/sklep\/produkt\/zrazy-wieprzowe-z-szynki-sztuka-80g\/#breadcrumb\"},\"inLanguage\":\"pl-PL\",\"potentialAction\":[{\"@type\":\"ReadAction\",\"target\":[\"https:\/\/harasowka.pl\/sklep\/produkt\/zrazy-wieprzowe-z-szynki-sztuka-80g\/\"]}]},{\"@type\":\"ImageObject\",\"inLanguage\":\"pl-PL\",\"@id\":\"https:\/\/harasowka.pl\/sklep\/produkt\/zrazy-wieprzowe-z-szynki-sztuka-80g\/#primaryimage\",\"url\":\"https:\/\/harasowka.pl\/sklep\/wp-content\/uploads\/2024\/03\/zrazywp.jpg\",\"contentUrl\":\"https:\/\/harasowka.pl\/sklep\/wp-content\/uploads\/2024\/03\/zrazywp.jpg\",\"width\":482,\"height\":416,\"caption\":\"Zrazy wieprzowe z szynki w sosie pieczeniowym (2szt.\/sztuka 80g +sos)\"},{\"@type\":\"BreadcrumbList\",\"@id\":\"https:\/\/harasowka.pl\/sklep\/produkt\/zrazy-wieprzowe-z-szynki-sztuka-80g\/#breadcrumb\",\"itemListElement\":[{\"@type\":\"ListItem\",\"position\":1,\"name\":\"Strona g\u0142\u00f3wna\",\"item\":\"https:\/\/harasowka.pl\/sklep\/\"},{\"@type\":\"ListItem\",\"position\":2,\"name\":\"Shop\",\"item\":\"https:\/\/harasowka.pl\/sklep\/shop\/\"},{\"@type\":\"ListItem\",\"position\":3,\"name\":\"Zrazy wieprzowe z szynki w sosie pieczeniowym (2szt\/160g)\"}]},{\"@type\":\"WebSite\",\"@id\":\"https:\/\/harasowka.pl\/sklep\/#website\",\"url\":\"https:\/\/harasowka.pl\/sklep\/\",\"name\":\"Sklep Haras\u00f3wka\",\"description\":\"Kuchnia - Tradycja - Zdrowie\",\"potentialAction\":[{\"@type\":\"SearchAction\",\"target\":{\"@type\":\"EntryPoint\",\"urlTemplate\":\"https:\/\/harasowka.pl\/sklep\/?s={search_term_string}\"},\"query-input\":{\"@type\":\"PropertyValueSpecification\",\"valueRequired\":true,\"valueName\":\"search_term_string\"}}],\"inLanguage\":\"pl-PL\"}]}<\/script>\n<!-- \/ Yoast SEO plugin. -->","yoast_head_json":{"title":"Zrazy wieprzowe z szynki w sosie pieczeniowym (2szt\/160g) - Sklep Haras\u00f3wka","robots":{"index":"index","follow":"follow","max-snippet":"max-snippet:-1","max-image-preview":"max-image-preview:large","max-video-preview":"max-video-preview:-1"},"canonical":"https:\/\/harasowka.pl\/sklep\/produkt\/zrazy-wieprzowe-z-szynki-sztuka-80g\/","og_locale":"pl_PL","og_type":"article","og_title":"Zrazy wieprzowe z szynki w sosie pieczeniowym (2szt\/160g) - Sklep Haras\u00f3wka","og_description":"Tradycyjne zrazy z szynki w aromatycznym sosie pieczeniowym. 2 sztuki w porcji.","og_url":"https:\/\/harasowka.pl\/sklep\/produkt\/zrazy-wieprzowe-z-szynki-sztuka-80g\/","og_site_name":"Sklep Haras\u00f3wka","article_publisher":"https:\/\/www.facebook.com\/harasowka\/","article_modified_time":"2026-03-10T10:10:36+00:00","og_image":[{"width":482,"height":416,"url":"https:\/\/harasowka.pl\/sklep\/wp-content\/uploads\/2024\/03\/zrazywp.jpg","type":"image\/jpeg"}],"twitter_card":"summary_large_image","twitter_misc":{"Szacowany czas czytania":"1 minuta"},"schema":{"@context":"https:\/\/schema.org","@graph":[{"@type":"WebPage","@id":"https:\/\/harasowka.pl\/sklep\/produkt\/zrazy-wieprzowe-z-szynki-sztuka-80g\/","url":"https:\/\/harasowka.pl\/sklep\/produkt\/zrazy-wieprzowe-z-szynki-sztuka-80g\/","name":"Zrazy wieprzowe z szynki w sosie pieczeniowym (2szt\/160g) - Sklep Haras\u00f3wka","isPartOf":{"@id":"https:\/\/harasowka.pl\/sklep\/#website"},"primaryImageOfPage":{"@id":"https:\/\/harasowka.pl\/sklep\/produkt\/zrazy-wieprzowe-z-szynki-sztuka-80g\/#primaryimage"},"image":{"@id":"https:\/\/harasowka.pl\/sklep\/produkt\/zrazy-wieprzowe-z-szynki-sztuka-80g\/#primaryimage"},"thumbnailUrl":"https:\/\/harasowka.pl\/sklep\/wp-content\/uploads\/2024\/03\/zrazywp.jpg","datePublished":"2024-03-09T11:28:06+00:00","dateModified":"2026-03-10T10:10:36+00:00","breadcrumb":{"@id":"https:\/\/harasowka.pl\/sklep\/produkt\/zrazy-wieprzowe-z-szynki-sztuka-80g\/#breadcrumb"},"inLanguage":"pl-PL","potentialAction":[{"@type":"ReadAction","target":["https:\/\/harasowka.pl\/sklep\/produkt\/zrazy-wieprzowe-z-szynki-sztuka-80g\/"]}]},{"@type":"ImageObject","inLanguage":"pl-PL","@id":"https:\/\/harasowka.pl\/sklep\/produkt\/zrazy-wieprzowe-z-szynki-sztuka-80g\/#primaryimage","url":"https:\/\/harasowka.pl\/sklep\/wp-content\/uploads\/2024\/03\/zrazywp.jpg","contentUrl":"https:\/\/harasowka.pl\/sklep\/wp-content\/uploads\/2024\/03\/zrazywp.jpg","width":482,"height":416,"caption":"Zrazy wieprzowe z szynki w sosie pieczeniowym (2szt.\/sztuka 80g +sos)"},{"@type":"BreadcrumbList","@id":"https:\/\/harasowka.pl\/sklep\/produkt\/zrazy-wieprzowe-z-szynki-sztuka-80g\/#breadcrumb","itemListElement":[{"@type":"ListItem","position":1,"name":"Strona g\u0142\u00f3wna","item":"https:\/\/harasowka.pl\/sklep\/"},{"@type":"ListItem","position":2,"name":"Shop","item":"https:\/\/harasowka.pl\/sklep\/shop\/"},{"@type":"ListItem","position":3,"name":"Zrazy wieprzowe z szynki w sosie pieczeniowym (2szt\/160g)"}]},{"@type":"WebSite","@id":"https:\/\/harasowka.pl\/sklep\/#website","url":"https:\/\/harasowka.pl\/sklep\/","name":"Sklep Haras\u00f3wka","description":"Kuchnia - Tradycja - Zdrowie","potentialAction":[{"@type":"SearchAction","target":{"@type":"EntryPoint","urlTemplate":"https:\/\/harasowka.pl\/sklep\/?s={search_term_string}"},"query-input":{"@type":"PropertyValueSpecification","valueRequired":true,"valueName":"search_term_string"}}],"inLanguage":"pl-PL"}]}},"jetpack_sharing_enabled":true,"_links":{"self":[{"href":"https:\/\/harasowka.pl\/sklep\/wp-json\/wp\/v2\/product\/968","targetHints":{"allow":["GET"]}}],"collection":[{"href":"https:\/\/harasowka.pl\/sklep\/wp-json\/wp\/v2\/product"}],"about":[{"href":"https:\/\/harasowka.pl\/sklep\/wp-json\/wp\/v2\/types\/product"}],"version-history":[{"count":8,"href":"https:\/\/harasowka.pl\/sklep\/wp-json\/wp\/v2\/product\/968\/revisions"}],"predecessor-version":[{"id":1720,"href":"https:\/\/harasowka.pl\/sklep\/wp-json\/wp\/v2\/product\/968\/revisions\/1720"}],"wp:featuredmedia":[{"embeddable":true,"href":"https:\/\/harasowka.pl\/sklep\/wp-json\/wp\/v2\/media\/969"}],"wp:attachment":[{"href":"https:\/\/harasowka.pl\/sklep\/wp-json\/wp\/v2\/media?parent=968"}],"wp:term":[{"taxonomy":"product_cat","embeddable":true,"href":"https:\/\/harasowka.pl\/sklep\/wp-json\/wp\/v2\/product_cat?post=968"},{"taxonomy":"product_tag","embeddable":true,"href":"https:\/\/harasowka.pl\/sklep\/wp-json\/wp\/v2\/product_tag?post=968"}],"curies":[{"name":"wp","href":"https:\/\/api.w.org\/{rel}","templated":true}]}}